{"id":1012,"date":"2024-11-22T20:15:45","date_gmt":"2024-11-22T20:15:45","guid":{"rendered":"https:\/\/akademie-studium.com\/?page_id=1012"},"modified":"2025-01-23T17:04:55","modified_gmt":"2025-01-23T17:04:55","slug":"politica-de-proteccion-de-datos","status":"publish","type":"page","link":"https:\/\/akademie-studium.com\/es\/politica-de-proteccion-de-datos\/","title":{"rendered":"Protecci\u00f3n de datos"},"content":{"rendered":"<p>[et_pb_section fb_built=\u00bb1&#8243; admin_label=\u00bbApply\u00bb _builder_version=\u00bb4.19.2&#8243; _module_preset=\u00bbdefault\u00bb collapsed=\u00bbon\u00bb global_colors_info=\u00bb{}\u00bb][et_pb_row _builder_version=\u00bb4.19.2&#8243; _module_preset=\u00bbdefault\u00bb global_colors_info=\u00bb{}\u00bb][et_pb_column type=\u00bb4_4&#8243; _builder_version=\u00bb4.19.2&#8243; _module_preset=\u00bbdefault\u00bb global_colors_info=\u00bb{}\u00bb][et_pb_text _builder_version=\u00bb4.27.4&#8243; _module_preset=\u00bb16cb98d7-b7ea-4f6d-8154-c0f56bbd5051&#8243; text_orientation=\u00bbcenter\u00bb text_orientation_tablet=\u00bbleft\u00bb text_orientation_phone=\u00bbleft\u00bb text_orientation_last_edited=\u00bbon|tablet\u00bb global_colors_info=\u00bb{}\u00bb]<\/p>\n<h2>Pol\u00edtica de Privacidad<\/h2>\n<p>[\/et_pb_text][\/et_pb_column][\/et_pb_row][et_pb_row _builder_version=\u00bb4.19.2&#8243; _module_preset=\u00bbdefault\u00bb custom_padding=\u00bb||10px||false|false\u00bb global_colors_info=\u00bb{}\u00bb][et_pb_column type=\u00bb4_4&#8243; _builder_version=\u00bb4.19.2&#8243; _module_preset=\u00bbdefault\u00bb global_colors_info=\u00bb{}\u00bb][et_pb_text _builder_version=\u00bb4.27.4&#8243; _module_preset=\u00bb934510d9-3df4-4383-a95f-17d1b7d2e6d9&#8243; hover_enabled=\u00bb0&#8243; global_colors_info=\u00bb{}\u00bb sticky_enabled=\u00bb0&#8243; header_font_size=\u00bb29px\u00bb header_3_font_size=\u00bb25px\u00bb header_4_font_size=\u00bb26px\u00bb custom_margin=\u00bb7px||||false|false\u00bb]<\/p>\n<h4><strong>Pol\u00edtica de privacidad y protecci\u00f3n de datos:<\/strong><\/h4>\n<p>[\/et_pb_text][\/et_pb_column][\/et_pb_row][et_pb_row _builder_version=\u00bb4.27.3&#8243; _module_preset=\u00bbdefault\u00bb custom_padding=\u00bb0px||||false|false\u00bb border_color_all=\u00bb#000000&#8243; border_width_bottom=\u00bb1px\u00bb global_colors_info=\u00bb{}\u00bb][et_pb_column type=\u00bb4_4&#8243; _builder_version=\u00bb4.19.2&#8243; _module_preset=\u00bbdefault\u00bb global_colors_info=\u00bb{}\u00bb][et_pb_text _builder_version=\u00bb4.27.4&#8243; _module_preset=\u00bb616312a9-7510-4ad1-9bb7-77bd0dbc3ddb\u00bb hover_enabled=\u00bb0&#8243; global_colors_info=\u00bb{}\u00bb sticky_enabled=\u00bb0&#8243; custom_margin=\u00bb-1px||12px||false|false\u00bb]<\/p>\n<p><span style=\"color: #808080;\"><a href=\"mailto:Ayud@rte\" style=\"color: #808080;\">Ayud@rte<\/a> e. V.<\/span>\u00a0 es una organizaci\u00f3n sin \u00e1nimo de lucro registrada en la ciudad de Berl\u00edn (Alemania) que tiene como objetivos principales la promoci\u00f3n de la educaci\u00f3n, el arte y la cultura a trav\u00e9s de m\u00faltiples proyectos. Para tal efecto, es responsable y gestora de la web<span style=\"color: #808080;\"> akademie-studium.com<\/span><span style=\"color: #3366ff;\"><\/span><\/p>\n<p>La privacidad es muy impostante para <a href=\"mailto:Ayud@rte\"><span style=\"color: #808080;\">Ayud@rte<\/span><\/a><span style=\"color: #808080;\"> e.V., es por ello que <\/span>queremos mantener una actitud tranparente y eficiente al tratar sus datos personales. Para tal efecto, dispone de una pol\u00edtica de protecci\u00f3n de sus datos personales seg\u00fan la normativa vigente y su reglamentaci\u00f3n: Reglamento General de Proteccion de Datos (RGPD).<\/p>\n<p>[\/et_pb_text][\/et_pb_column][\/et_pb_row][et_pb_row _builder_version=\u00bb4.27.3&#8243; _module_preset=\u00bbdefault\u00bb custom_padding=\u00bb0px||||false|false\u00bb border_color_all=\u00bb#000000&#8243; border_width_bottom=\u00bb1px\u00bb global_colors_info=\u00bb{}\u00bb][et_pb_column type=\u00bb4_4&#8243; _builder_version=\u00bb4.19.2&#8243; _module_preset=\u00bbdefault\u00bb global_colors_info=\u00bb{}\u00bb][et_pb_text _builder_version=\u00bb4.27.4&#8243; _module_preset=\u00bb616312a9-7510-4ad1-9bb7-77bd0dbc3ddb\u00bb custom_margin=\u00bb25px||10px||false|false\u00bb custom_padding=\u00bb0px||||false|false\u00bb hover_enabled=\u00bb0&#8243; global_colors_info=\u00bb{}\u00bb sticky_enabled=\u00bb0&#8243;]<\/p>\n<h3><strong>Almacenamiento, recopilaci\u00f3n y gesti\u00f3n de datos personales:<\/strong><\/h3>\n<p><strong>\u00bfCon qu\u00e9 finalidad tratamos sus datos personales?<\/strong><\/p>\n<p>Tanto en<span style=\"color: #808080;\"> <a href=\"mailto:Ayud@arte\" style=\"color: #808080;\">Ayud@arte<\/a> e.V.<\/span> como en akademie-studium.com tratamos la informaci\u00f3n que usted nos ha proporcionado con la \u00fanica finalidad de hacer gestiones administrativas de los servicios que nos ha solicitado, as\u00ed como para proporcionarle informaci\u00f3n de nuestros productos y servicios, para lo cu\u00e1l, usted ha aceptado o prestado su consentimiento.<strong><\/strong><\/p>\n<p><strong>\u00bfPor cu\u00e1nto tiempo conservamos sus datos?<\/strong><\/p>\n<p>Los datos ser\u00e1n conservados mientras mantenga una relaci\u00f3n con nosotros. Ser\u00e1 necesario mantener sus datos el tiempo que la ley nos faculta para el cumplimiento con las obligaciones legales as\u00ed como con la aplicaci\u00f3n de las normas vigentes.<\/p>\n<p>Gestionamos nuestros servicios web y la protecci\u00f3n de datos de nuestros usuarios. En ningun caso\u00a0 estamos facultados a facilitar o proporcionar ning\u00fan tipo de informaci\u00f3n a terceros, salvo en casos de obligaci\u00f3nes contempladas por la legislaci\u00f3n y su normativa vigente.<\/p>\n<p><strong>\u00bfQu\u00e9 datos son gestionados y cu\u00e1l es su finalidad?<\/strong><\/p>\n<p>En el momento que el o los usuarios acceden a nuestros sitios web, automaticamente se recoge y registra la direcci\u00f3n IP as\u00ed como otros datos relativos a la conexi\u00f3n y origen de los usuarios. La IP como c\u00f3digo de identificaci\u00f3n de conexi\u00f3n a Internet de el o los usuarios en tiempo real de navegaci\u00f3n en la red, es registrada por nuestro servidor\u00a0 de Hosting, as\u00ed como la fecha y hora de acceso. Dicho registro de datos son de uso exclusivo para la gesti\u00f3n y seguridad de nuestras webs. Tambi\u00e9n se registran datos en el uso\u00a0 de nuestros formularios de registro, comunicaci\u00f3n de correos (E-Mails) u otros que el usuario haya aceptado al momento de acceso o en el desarrollo de nuestras comunicaciones y\/o publicidad.<\/p>\n<p><strong>Edad del usuario:<\/strong><\/p>\n<p>El o los usuarios est\u00e1n en la obligaci\u00f3n de informar que tienen la mayoria de edad o est\u00e1n tutelados por los padres o tutores legales en el momento de acceso a nuestros servicios web tal como est\u00e1 reglamentado en la normativa vigente.<strong><\/strong><\/p>\n<p><strong>Salvedad y enmiendas:<\/strong><\/p>\n<p>En caso de existir errores o situaciones generadas por fallos en los servicios web as\u00ed como en el acceso a ellos, los usuarios deber\u00e1n informar. Si son detectados por nuestros servidores estamos en la obligaci\u00f3n de corregirlos, eliminarlos o bloquer su acceso de forma inmediata.<\/p>\n<p>[\/et_pb_text][\/et_pb_column][\/et_pb_row][et_pb_row _builder_version=\u00bb4.19.2&#8243; _module_preset=\u00bbdefault\u00bb custom_padding=\u00bb||10px||false|false\u00bb global_colors_info=\u00bb{}\u00bb][et_pb_column type=\u00bb4_4&#8243; _builder_version=\u00bb4.19.2&#8243; _module_preset=\u00bbdefault\u00bb global_colors_info=\u00bb{}\u00bb][et_pb_text _builder_version=\u00bb4.27.4&#8243; _module_preset=\u00bb934510d9-3df4-4383-a95f-17d1b7d2e6d9&#8243; hover_enabled=\u00bb0&#8243; global_colors_info=\u00bb{}\u00bb text_font_size=\u00bb17px\u00bb header_font_size=\u00bb31px\u00bb header_3_font_size=\u00bb23px\u00bb text_font=\u00bb||||||||\u00bb header_4_font_size=\u00bb27px\u00bb sticky_enabled=\u00bb0&#8243;]<\/p>\n<h4><strong>Derechos de los usuarios:<\/strong><\/h4>\n<p>[\/et_pb_text][\/et_pb_column][\/et_pb_row][et_pb_row _builder_version=\u00bb4.27.3&#8243; _module_preset=\u00bbdefault\u00bb custom_padding=\u00bb0px||||false|false\u00bb border_color_all=\u00bb#000000&#8243; border_width_bottom=\u00bb1px\u00bb global_colors_info=\u00bb{}\u00bb][et_pb_column type=\u00bb4_4&#8243; _builder_version=\u00bb4.19.2&#8243; _module_preset=\u00bbdefault\u00bb global_colors_info=\u00bb{}\u00bb][et_pb_text _builder_version=\u00bb4.27.4&#8243; _module_preset=\u00bb616312a9-7510-4ad1-9bb7-77bd0dbc3ddb\u00bb hover_enabled=\u00bb0&#8243; global_colors_info=\u00bb{}\u00bb text_line_height=\u00bb3.4em\u00bb sticky_enabled=\u00bb0&#8243; custom_margin=\u00bb||4px||false|false\u00bb]<\/p>\n<p>Las leyes vigentes y su normativa de protecci\u00f3n de datos grantiza los siguientes puntos:<\/p>\n<ul>\n<li>Datos de acceso: permite al usuario el conocimiento de la informaci\u00f3n de d\u00f3nde se obtuvieron o qui\u00e9n facilit\u00f3 dichos datos y su uso.<\/li>\n<li>Ratificaci\u00f3n y rectificaci\u00f3n de datos: el usuario puede pedir la rectificaci\u00f3n o la ratificaci\u00f3n de los mismos si la informaci\u00f3n es correcta.<\/li>\n<li>Eliminaci\u00f3n o supresi\u00f3n de datos: permite al usuario pedir la eliminaci\u00f3n o supresi\u00f3n de sus datos as\u00ed como el uso de los mismos.<\/li>\n<li>Limitaci\u00f3n o bloque temporal de datos: el usuario puede pedir la limitaci\u00f3n en el uso de sus datos as\u00ed como el bloque temporal de los mismos.<\/li>\n<li>Portabilidad de datos: el usuario puede obtener una copia de sus datos en formato electr\u00f3nico as\u00ed como solicitar por escrito que se pueda comunicar al pestador del servicio correspondiente sin quebrantar la normativa y bajo consentimiento.<\/li>\n<li>Revocaci\u00f3n del consetimiento: el usuario puede hacer la revocatoria\u00a0 de su consentimiento de uso de datos si as\u00ed lo desea bajo las normativas vigentes.<\/li>\n<\/ul>\n<p>[\/et_pb_text][\/et_pb_column][\/et_pb_row][et_pb_row _builder_version=\u00bb4.27.3&#8243; _module_preset=\u00bbdefault\u00bb custom_padding=\u00bb0px||||false|false\u00bb border_color_all=\u00bb#000000&#8243; border_width_bottom=\u00bb1px\u00bb global_colors_info=\u00bb{}\u00bb][et_pb_column type=\u00bb4_4&#8243; _builder_version=\u00bb4.19.2&#8243; _module_preset=\u00bbdefault\u00bb global_colors_info=\u00bb{}\u00bb][et_pb_text _builder_version=\u00bb4.27.4&#8243; _module_preset=\u00bb616312a9-7510-4ad1-9bb7-77bd0dbc3ddb\u00bb hover_enabled=\u00bb0&#8243; global_colors_info=\u00bb{}\u00bb text_font=\u00bbSource Sans Pro|700|||||||\u00bb header_font=\u00bb|700|||||||\u00bb header_3_font_size=\u00bb23px\u00bb header_2_font_size=\u00bb27px\u00bb header_4_font_size=\u00bb21px\u00bb text_font_size=\u00bb26px\u00bb custom_margin=\u00bb15px||||false|false\u00bb sticky_enabled=\u00bb0&#8243;]<\/p>\n<p><strong>Comunicaci\u00f3n Online:<br \/><\/strong><\/p>\n<p>[\/et_pb_text][et_pb_text _builder_version=\u00bb4.27.4&#8243; _module_preset=\u00bb616312a9-7510-4ad1-9bb7-77bd0dbc3ddb\u00bb hover_enabled=\u00bb0&#8243; global_colors_info=\u00bb{}\u00bb sticky_enabled=\u00bb0&#8243; custom_margin=\u00bb-18px||17px||false|false\u00bb]<\/p>\n<p><span style=\"color: #3366ff;\"><span style=\"color: #808080;\"><a href=\"mailto:Ayud@rt\"><span style=\"color: #808080;\">Ayud@rte <\/span><\/a>e.V.<\/span> <span style=\"color: #808080;\"> comunicar\u00e1 e informar\u00e1 a sus usuarios del uso de correspondencia digital y electr\u00f3nica. Los correos electr\u00f3nicos remitidos pueden contener enlaces as\u00ed como im\u00e1genes asociadas que faciliten el uso de la informaci\u00f3n y publicidad. <\/span><\/span><\/p>\n<p><span style=\"color: #3366ff;\"><span style=\"color: #808080;\">En cada caso el usuario estar\u00e1 facultado a pedir que no se le envie m\u00e1s esta informaci\u00f3n as\u00ed como pedir su baja voluntaria.<\/span><\/span><\/p>\n<p>[\/et_pb_text][\/et_pb_column][\/et_pb_row][et_pb_row _builder_version=\u00bb4.27.3&#8243; _module_preset=\u00bbdefault\u00bb custom_padding=\u00bb0px||||false|false\u00bb border_color_all=\u00bb#000000&#8243; border_width_bottom=\u00bb1px\u00bb global_colors_info=\u00bb{}\u00bb][et_pb_column type=\u00bb4_4&#8243; _builder_version=\u00bb4.19.2&#8243; _module_preset=\u00bbdefault\u00bb global_colors_info=\u00bb{}\u00bb][et_pb_text _builder_version=\u00bb4.27.4&#8243; _module_preset=\u00bb616312a9-7510-4ad1-9bb7-77bd0dbc3ddb\u00bb hover_enabled=\u00bb0&#8243; global_colors_info=\u00bb{}\u00bb text_font=\u00bbSource Sans Pro|700|||||||\u00bb header_font=\u00bb|700|||||||\u00bb header_3_font_size=\u00bb23px\u00bb header_2_font_size=\u00bb27px\u00bb header_4_font_size=\u00bb21px\u00bb text_font_size=\u00bb26px\u00bb custom_margin=\u00bb15px||||false|false\u00bb sticky_enabled=\u00bb0&#8243;]<\/p>\n<p><strong>Solicitud de informaci\u00f3n complementaria:<br \/><\/strong><\/p>\n<p>[\/et_pb_text][et_pb_text _builder_version=\u00bb4.27.4&#8243; _module_preset=\u00bb616312a9-7510-4ad1-9bb7-77bd0dbc3ddb\u00bb hover_enabled=\u00bb0&#8243; global_colors_info=\u00bb{}\u00bb custom_margin=\u00bb-16px||||false|false\u00bb sticky_enabled=\u00bb0&#8243;]<\/p>\n<p>El o los usuarios est\u00e1n en facultad de solicitar informaci\u00f3n complementaria si as\u00ed fuera el caso. Para tal efecto, pueden comunicarse con nosotros v\u00eda correo electr\u00f3nico a <span style=\"color: #808080;\"><a href=\"mailto:info@ayud-arte.de\" style=\"color: #808080;\">info@ayud-arte.de<\/a> o <\/span>tambi\u00e9n a <span style=\"color: #808080;\"><a href=\"mailto:info@akademie-studium.com\" style=\"color: #808080;\">info@akademie-studium.com<\/a><\/span><\/p>\n<p><span style=\"color: #808080;\"><\/span><\/p>\n<p><span style=\"color: #808080;\"><a href=\"https:\/\/dsgvo-gesetz.de\" style=\"color: #808080;\">https:\/\/dsgvo-gesetz.de<\/a><\/span><\/p>\n<p><span style=\"color: #808080;\"><a href=\"https:\/\/dsgvo-gesetz.de\/art-15-dsgvo\" style=\"color: #808080;\">https:\/\/dsgvo-gesetz.de\/art-15-dsgvo<\/a><\/span><\/p>\n<p><span style=\"color: #808080;\"><a href=\"https:\/\/dsgvo-gesetz.de\/art-16-dsgvo\" style=\"color: #808080;\">https:\/\/dsgvo-gesetz.de\/art-16-dsgvo<\/a><\/span><\/p>\n<p><span style=\"color: #808080;\"><a href=\"https:\/\/dsgvo-gesetz.de\/art-17-dsgvo\" style=\"color: #808080;\">https:\/\/dsgvo-gesetz.de\/art-17-dsgvo<\/a><\/span><\/p>\n<p><span style=\"color: #808080;\"><a href=\"https:\/\/dsgvo-gesetz.de\/art-18-dsgvo\" style=\"color: #808080;\">https:\/\/dsgvo-gesetz.de\/art-18-dsgvo<\/a><\/span><\/p>\n<p><span style=\"color: #808080;\"><a href=\"https:\/\/dsgvo-gesetz.de\/art-19-dsgvo\" style=\"color: #808080;\">https:\/\/dsgvo-gesetz.de\/art-19-dsgvo<\/a><\/span><\/p>\n<p><span style=\"color: #808080;\"><a href=\"https:\/\/dsgvo-gesetz.de\/art-20-dsgvo\" style=\"color: #808080;\">https:\/\/dsgvo-gesetz.de\/art-20-dsgvo<\/a><\/span><\/p>\n<p><span style=\"color: #808080;\"><a href=\"https:\/\/dsgvo-gesetz.de\/art-21-dsgvo\" style=\"color: #808080;\">https:\/\/dsgvo-gesetz.de\/art-21-dsgvo<\/a><\/span><\/p>\n<p>https:\/\/europa.eu\/youreurope\/business\/dealing-with-customers\/data-protection\/data-protection-gdpr\/index_de.htm<\/p>\n<p>&nbsp;<\/p>\n<p>[\/et_pb_text][\/et_pb_column][\/et_pb_row][\/et_pb_section]<\/p>\n","protected":false},"excerpt":{"rendered":"<p>Pol\u00edtica de PrivacidadPol\u00edtica de privacidad y protecci\u00f3n de datos:Ayud@rte e. V.\u00a0 es una organizaci\u00f3n sin \u00e1nimo de lucro registrada en la ciudad de Berl\u00edn (Alemania) que tiene como objetivos principales la promoci\u00f3n de la educaci\u00f3n, el arte y la cultura a trav\u00e9s de m\u00faltiples proyectos. Para tal efecto, es responsable y gestora de la web [&hellip;]<\/p>\n","protected":false},"author":1,"featured_media":0,"parent":0,"menu_order":0,"comment_status":"closed","ping_status":"closed","template":"","meta":{"_et_pb_use_builder":"on","_et_pb_old_content":"","_et_gb_content_width":"","footnotes":""},"class_list":["post-1012","page","type-page","status-publish","hentry"],"_links":{"self":[{"href":"https:\/\/akademie-studium.com\/es\/wp-json\/wp\/v2\/pages\/1012","targetHints":{"allow":["GET"]}}],"collection":[{"href":"https:\/\/akademie-studium.com\/es\/wp-json\/wp\/v2\/pages"}],"about":[{"href":"https:\/\/akademie-studium.com\/es\/wp-json\/wp\/v2\/types\/page"}],"author":[{"embeddable":true,"href":"https:\/\/akademie-studium.com\/es\/wp-json\/wp\/v2\/users\/1"}],"replies":[{"embeddable":true,"href":"https:\/\/akademie-studium.com\/es\/wp-json\/wp\/v2\/comments?post=1012"}],"version-history":[{"count":9,"href":"https:\/\/akademie-studium.com\/es\/wp-json\/wp\/v2\/pages\/1012\/revisions"}],"predecessor-version":[{"id":1271,"href":"https:\/\/akademie-studium.com\/es\/wp-json\/wp\/v2\/pages\/1012\/revisions\/1271"}],"wp:attachment":[{"href":"https:\/\/akademie-studium.com\/es\/wp-json\/wp\/v2\/media?parent=1012"}],"curies":[{"name":"wp","href":"https:\/\/api.w.org\/{rel}","templated":true}]}}