{"id":1014,"date":"2024-11-22T20:16:18","date_gmt":"2024-11-22T20:16:18","guid":{"rendered":"https:\/\/akademie-studium.com\/?page_id=1014"},"modified":"2025-01-23T17:38:09","modified_gmt":"2025-01-23T17:38:09","slug":"impressum","status":"publish","type":"page","link":"https:\/\/akademie-studium.com\/es\/impressum\/","title":{"rendered":"Impressum"},"content":{"rendered":"<p>[et_pb_section fb_built=\u00bb1&#8243; admin_label=\u00bbApply\u00bb _builder_version=\u00bb4.19.2&#8243; _module_preset=\u00bbdefault\u00bb collapsed=\u00bbon\u00bb global_colors_info=\u00bb{}\u00bb][et_pb_row column_structure=\u00bb1_3,1_3,1_3&#8243; _builder_version=\u00bb4.27.3&#8243; _module_preset=\u00bbdefault\u00bb global_colors_info=\u00bb{}\u00bb][et_pb_column type=\u00bb1_3&#8243; _builder_version=\u00bb4.19.2&#8243; _module_preset=\u00bbdefault\u00bb global_colors_info=\u00bb{}\u00bb][et_pb_image src=\u00bbhttps:\/\/akademie-studium.com\/wp-content\/uploads\/2024\/11\/Der-Verein.jpg\u00bb title_text=\u00bbDer-Verein\u00bb force_fullwidth=\u00bbon\u00bb _builder_version=\u00bb4.27.4&#8243; _module_preset=\u00bbdefault\u00bb custom_margin=\u00bb|||-5px|false|false\u00bb global_colors_info=\u00bb{}\u00bb][\/et_pb_image][\/et_pb_column][et_pb_column type=\u00bb1_3&#8243; _builder_version=\u00bb4.19.2&#8243; _module_preset=\u00bbdefault\u00bb global_colors_info=\u00bb{}\u00bb][et_pb_image src=\u00bbhttps:\/\/akademie-studium.com\/wp-content\/uploads\/2024\/11\/Logo-web.jpg\u00bb title_text=\u00bbLogo-web\u00bb force_fullwidth=\u00bbon\u00bb _builder_version=\u00bb4.27.4&#8243; _module_preset=\u00bbdefault\u00bb custom_margin=\u00bb|||-13px|false|false\u00bb global_colors_info=\u00bb{}\u00bb][\/et_pb_image][\/et_pb_column][et_pb_column type=\u00bb1_3&#8243; _builder_version=\u00bb4.19.2&#8243; _module_preset=\u00bbdefault\u00bb global_colors_info=\u00bb{}\u00bb][et_pb_image src=\u00bbhttps:\/\/akademie-studium.com\/wp-content\/uploads\/2024\/09\/Logo.jpg\u00bb title_text=\u00bbLogo\u00bb force_fullwidth=\u00bbon\u00bb _builder_version=\u00bb4.27.4&#8243; _module_preset=\u00bbdefault\u00bb custom_margin=\u00bb-5px||||false|false\u00bb global_colors_info=\u00bb{}\u00bb][\/et_pb_image][\/et_pb_column][\/et_pb_row][et_pb_row _builder_version=\u00bb4.27.3&#8243; _module_preset=\u00bbdefault\u00bb global_colors_info=\u00bb{}\u00bb][et_pb_column type=\u00bb4_4&#8243; _builder_version=\u00bb4.27.3&#8243; _module_preset=\u00bbdefault\u00bb global_colors_info=\u00bb{}\u00bb][et_pb_text _builder_version=\u00bb4.27.4&#8243; _module_preset=\u00bbdefault\u00bb custom_margin=\u00bb20px||-26px||false|false\u00bb global_colors_info=\u00bb{}\u00bb]<\/p>\n<h1 style=\"text-align: left;\">Impressum<\/h1>\n<p>[\/et_pb_text][\/et_pb_column][\/et_pb_row][et_pb_row _builder_version=\u00bb4.19.2&#8243; _module_preset=\u00bbdefault\u00bb custom_padding=\u00bb||10px||false|false\u00bb global_colors_info=\u00bb{}\u00bb][et_pb_column type=\u00bb4_4&#8243; _builder_version=\u00bb4.19.2&#8243; _module_preset=\u00bbdefault\u00bb global_colors_info=\u00bb{}\u00bb][et_pb_text _builder_version=\u00bb4.27.3&#8243; _module_preset=\u00bb34eadb60-7731-479a-9ae7-98461db47b16&#8243; global_colors_info=\u00bb{}\u00bb]<\/p>\n<h4>Informaci\u00f3n de acuerdo\u00a0 al \u00a7 5 TMG<\/h4>\n<p>[\/et_pb_text][\/et_pb_column][\/et_pb_row][et_pb_row _builder_version=\u00bb4.27.4&#8243; _module_preset=\u00bbdefault\u00bb custom_margin=\u00bb4px||13px||false|false\u00bb custom_padding=\u00bb0px||28px||false|false\u00bb border_color_all=\u00bb#000000&#8243; border_width_bottom=\u00bb1px\u00bb global_colors_info=\u00bb{}\u00bb][et_pb_column type=\u00bb4_4&#8243; _builder_version=\u00bb4.19.2&#8243; _module_preset=\u00bbdefault\u00bb global_colors_info=\u00bb{}\u00bb][et_pb_text _builder_version=\u00bb4.27.4&#8243; _module_preset=\u00bba0abaf6e-c05b-4937-b699-c8ad11b3b4df\u00bb text_font_size_phone=\u00bb15px\u00bb global_colors_info=\u00bb{}\u00bb]<\/p>\n<p><span style=\"color: #808080;\"><a href=\"mailto:Ayud@rte\" style=\"color: #808080;\">Ayud@rte<\/a> e.V.<\/span><\/p>\n<p>[\/et_pb_text][et_pb_text _builder_version=\u00bb4.27.4&#8243; _module_preset=\u00bba0abaf6e-c05b-4937-b699-c8ad11b3b4df\u00bb custom_margin=\u00bb-32px||||false|false\u00bb text_font_size_phone=\u00bb15px\u00bb global_colors_info=\u00bb{}\u00bb]<\/p>\n<p>Staakener Str.<\/p>\n<p>[\/et_pb_text][et_pb_text _builder_version=\u00bb4.27.4&#8243; _module_preset=\u00bba0abaf6e-c05b-4937-b699-c8ad11b3b4df\u00bb custom_margin=\u00bb-32px||||false|false\u00bb text_font_size_phone=\u00bb15px\u00bb global_colors_info=\u00bb{}\u00bb]<\/p>\n<p>13583 Berlin<\/p>\n<p>[\/et_pb_text][et_pb_text _builder_version=\u00bb4.27.4&#8243; _module_preset=\u00bba0abaf6e-c05b-4937-b699-c8ad11b3b4df\u00bb custom_margin=\u00bb-32px||||false|false\u00bb custom_padding=\u00bb11px||||false|false\u00bb global_colors_info=\u00bb{}\u00bb]<\/p>\n<p><strong>Representante:<\/strong><\/p>\n<p>[\/et_pb_text][et_pb_text _builder_version=\u00bb4.27.4&#8243; _module_preset=\u00bba0abaf6e-c05b-4937-b699-c8ad11b3b4df\u00bb custom_margin=\u00bb-32px||||false|false\u00bb custom_padding=\u00bb11px||||false|false\u00bb global_colors_info=\u00bb{}\u00bb]<\/p>\n<p>Frau Ing. Marta Fern\u00e1ndez<\/p>\n<p>[\/et_pb_text][et_pb_text _builder_version=\u00bb4.27.4&#8243; _module_preset=\u00bba0abaf6e-c05b-4937-b699-c8ad11b3b4df\u00bb custom_margin=\u00bb-32px||||false|false\u00bb custom_padding=\u00bb11px||||false|false\u00bb global_colors_info=\u00bb{}\u00bb]<\/p>\n<p><strong>Datos de Contacto:<\/strong><\/p>\n<p>[\/et_pb_text][et_pb_text _builder_version=\u00bb4.27.3&#8243; _module_preset=\u00bba0abaf6e-c05b-4937-b699-c8ad11b3b4df\u00bb custom_margin=\u00bb-32px||||false|false\u00bb custom_padding=\u00bb11px||||false|false\u00bb global_colors_info=\u00bb{}\u00bb]<\/p>\n<p>Tel\u00e9fono: 030 75948838<\/p>\n<p>[\/et_pb_text][et_pb_text _builder_version=\u00bb4.27.4&#8243; _module_preset=\u00bba0abaf6e-c05b-4937-b699-c8ad11b3b4df\u00bb custom_margin=\u00bb-32px||18px||false|false\u00bb custom_padding=\u00bb8px||||false|false\u00bb hover_enabled=\u00bb0&#8243; global_colors_info=\u00bb{}\u00bb sticky_enabled=\u00bb0&#8243;]<\/p>\n<p>E-mail:<span style=\"color: #808080;\"> <a href=\"mailto:info@akademie-studium.com\" style=\"color: #808080;\">info@ayud-arte.de<\/a><\/span><\/p>\n<p>&nbsp;<\/p>\n<p>[\/et_pb_text][et_pb_text _builder_version=\u00bb4.27.4&#8243; _module_preset=\u00bba0abaf6e-c05b-4937-b699-c8ad11b3b4df\u00bb custom_margin=\u00bb-54px||||false|false\u00bb custom_padding=\u00bb11px||||false|false\u00bb global_colors_info=\u00bb{}\u00bb]<\/p>\n<p><strong>Registro e inscripci\u00f3n:<\/strong><\/p>\n<p>[\/et_pb_text][et_pb_text _builder_version=\u00bb4.27.3&#8243; _module_preset=\u00bba0abaf6e-c05b-4937-b699-c8ad11b3b4df\u00bb custom_margin=\u00bb-32px||||false|false\u00bb custom_padding=\u00bb11px||||false|false\u00bb hover_enabled=\u00bb0&#8243; global_colors_info=\u00bb{}\u00bb sticky_enabled=\u00bb0&#8243;]<\/p>\n<p>Amtsgericht Charlottenburg<\/p>\n<p>[\/et_pb_text][et_pb_text _builder_version=\u00bb4.27.3&#8243; _module_preset=\u00bba0abaf6e-c05b-4937-b699-c8ad11b3b4df\u00bb custom_margin=\u00bb-32px||||false|false\u00bb custom_padding=\u00bb11px||||false|false\u00bb global_colors_info=\u00bb{}\u00bb]<\/p>\n<p>Vereinsregister<\/p>\n<p>[\/et_pb_text][et_pb_text _builder_version=\u00bb4.27.3&#8243; _module_preset=\u00bba0abaf6e-c05b-4937-b699-c8ad11b3b4df\u00bb custom_margin=\u00bb-32px||||false|false\u00bb custom_padding=\u00bb11px||||false|false\u00bb global_colors_info=\u00bb{}\u00bb]<\/p>\n<p>Amtsgerichtsplatz 1<\/p>\n<p>[\/et_pb_text][et_pb_text _builder_version=\u00bb4.27.3&#8243; _module_preset=\u00bba0abaf6e-c05b-4937-b699-c8ad11b3b4df\u00bb custom_margin=\u00bb-32px||||false|false\u00bb custom_padding=\u00bb11px||||false|false\u00bb global_colors_info=\u00bb{}\u00bb]<\/p>\n<p>14057 Berlin<\/p>\n<p>[\/et_pb_text][\/et_pb_column][\/et_pb_row][et_pb_row _builder_version=\u00bb4.27.3&#8243; _module_preset=\u00bbdefault\u00bb custom_padding=\u00bb0px||||false|false\u00bb border_color_all=\u00bb#000000&#8243; border_width_bottom=\u00bb1px\u00bb global_colors_info=\u00bb{}\u00bb][et_pb_column type=\u00bb4_4&#8243; _builder_version=\u00bb4.19.2&#8243; _module_preset=\u00bbdefault\u00bb global_colors_info=\u00bb{}\u00bb][et_pb_text _builder_version=\u00bb4.27.4&#8243; _module_preset=\u00bba0abaf6e-c05b-4937-b699-c8ad11b3b4df\u00bb text_font_size=\u00bb14px\u00bb header_font_size=\u00bb29px\u00bb header_line_height=\u00bb1.1em\u00bb header_2_font_size=\u00bb22px\u00bb header_3_font_size=\u00bb18px\u00bb header_3_line_height=\u00bb1.5em\u00bb custom_margin=\u00bb8px||3px||false|false\u00bb global_colors_info=\u00bb{}\u00bb]<\/p>\n<h3><strong>Responsabilidad de contenidos e im\u00e1genes<br \/><\/strong><\/h3>\n<p>[\/et_pb_text][et_pb_text _builder_version=\u00bb4.27.4&#8243; _module_preset=\u00bba0abaf6e-c05b-4937-b699-c8ad11b3b4df\u00bb global_colors_info=\u00bb{}\u00bb]<\/p>\n<p>Seg\u00fan el p\u00e1rrafo \u00a7 7 Abs. 1 TMG somos responsables de los contenidos propios que figuran en nuestra web.<\/p>\n<p>Seg\u00fan los p\u00e1rrafos 8,9 y 10 TMG, como gestores de nuestro contenido, no estamos obligados ni permitidos al monitoreo de informaci\u00f3n de terceros as\u00ed como al uso indebido de informaci\u00f3n almacenda o al uso ilegal de datos.<\/p>\n<p>Asumimos la obligatoriedad de eliminar, bloquear o denegar el acceso a informaci\u00f3n siguendo las pautas que marca el reglamento, siempre y cuando se de un mal uso o un uso indebido de la misma. Sin embargo, puede darse la existencia de informaci\u00f3n o alguna infracci\u00f3n ajena a nuestra responsabilidad lo que nos faculta a que, en cuanto tengamos conocimiento sobre ello, procedamos de manera inmediata a su eliminaci\u00f3n.<\/p>\n<p>[\/et_pb_text][\/et_pb_column][\/et_pb_row][et_pb_row _builder_version=\u00bb4.19.2&#8243; _module_preset=\u00bbdefault\u00bb custom_padding=\u00bb||10px||false|false\u00bb global_colors_info=\u00bb{}\u00bb][et_pb_column type=\u00bb4_4&#8243; _builder_version=\u00bb4.19.2&#8243; _module_preset=\u00bbdefault\u00bb global_colors_info=\u00bb{}\u00bb][et_pb_text _builder_version=\u00bb4.27.4&#8243; _module_preset=\u00bba0abaf6e-c05b-4937-b699-c8ad11b3b4df\u00bb text_font_size=\u00bb14px\u00bb header_font_size=\u00bb29px\u00bb header_2_font_size=\u00bb22px\u00bb header_3_font_size=\u00bb18px\u00bb custom_margin=\u00bb||1px||false|false\u00bb custom_padding=\u00bb||0px|||\u00bb global_colors_info=\u00bb{}\u00bb]<\/p>\n<h3><strong>Responsabilidad de enlaces<\/strong><\/h3>\n<p>[\/et_pb_text][\/et_pb_column][\/et_pb_row][et_pb_row _builder_version=\u00bb4.27.3&#8243; _module_preset=\u00bbdefault\u00bb custom_padding=\u00bb0px||||false|false\u00bb border_color_all=\u00bb#000000&#8243; border_width_bottom=\u00bb1px\u00bb global_colors_info=\u00bb{}\u00bb][et_pb_column type=\u00bb4_4&#8243; _builder_version=\u00bb4.19.2&#8243; _module_preset=\u00bbdefault\u00bb global_colors_info=\u00bb{}\u00bb][et_pb_text _builder_version=\u00bb4.27.4&#8243; _module_preset=\u00bba0abaf6e-c05b-4937-b699-c8ad11b3b4df\u00bb custom_margin=\u00bb||-2px||false|false\u00bb global_colors_info=\u00bb{}\u00bb]<\/p>\n<p>Nuestro sitio web contiene enlaces externos de los cuales no somos responsables respecto a su contenido, en cuyo caso, no asumimos ninguna responsabilidad al respecto.<\/p>\n<p>En el momento de puesta en marcha de nuestro siti0 web verificamos el contenido de nuestra informaci\u00f3n y sus respectivos enlaces generando la seguridad y confianza de que no tenemos informaci\u00f3n ilegal, inapropiada o de contenido no deseado.<\/p>\n<p>Una vez puesto en marcha nuestro sitio Web, si a posteriori encontr\u00e1ramos enlaces de contenido ilegal o prohibido procederemos a su inmediata eliminaci\u00f3n.<\/p>\n<p>&nbsp;<\/p>\n<p>[\/et_pb_text][et_pb_text _builder_version=\u00bb4.27.4&#8243; _module_preset=\u00bba0abaf6e-c05b-4937-b699-c8ad11b3b4df\u00bb text_font_size=\u00bb14px\u00bb header_font_size=\u00bb29px\u00bb header_2_font_size=\u00bb22px\u00bb header_3_font_size=\u00bb18px\u00bb custom_margin=\u00bb||1px||false|false\u00bb global_colors_info=\u00bb{}\u00bb]<\/p>\n<h3><strong>Usuarios<\/strong><\/h3>\n<p>[\/et_pb_text][et_pb_text _builder_version=\u00bb4.27.4&#8243; _module_preset=\u00bba0abaf6e-c05b-4937-b699-c8ad11b3b4df\u00bb global_colors_info=\u00bb{}\u00bb]<\/p>\n<p>Como propietarios y administradores de nuestro sitio web facultamos que la creaci\u00f3n de accesos y uso de nuestra web est\u00e1 sujeta a las condiciones generales de contrataci\u00f3n que en su caso resulten de obligado cumplimiento.<\/p>\n<p>[\/et_pb_text][et_pb_text _builder_version=\u00bb4.27.4&#8243; _module_preset=\u00bba0abaf6e-c05b-4937-b699-c8ad11b3b4df\u00bb header_3_font_size=\u00bb18px\u00bb custom_margin=\u00bb||1px||false|false\u00bb global_colors_info=\u00bb{}\u00bb]<\/p>\n<h3><strong>Uso del portal web<\/strong><\/h3>\n<p>[\/et_pb_text][et_pb_text _builder_version=\u00bb4.27.4&#8243; _module_preset=\u00bba0abaf6e-c05b-4937-b699-c8ad11b3b4df\u00bb custom_margin=\u00bb6px||||false|false\u00bb global_colors_info=\u00bb{}\u00bb]<\/p>\n<p>Nuestro sitio web y su servicios como son los formularios de contacto, son de acceso libre y gratuito. No obstante, como propietarios y administradores del mismo, nos reservamos los derechos pudiendo haber servicios que ofrecemos condicionados al cumplimiento de los acuerdos m\u00fatuos y la aceptaci\u00f3n de las condiciones para el uso del Portal web.<\/p>\n<p>El usuario est\u00e1 en la obligaci\u00f3n de garantizar la autenticidad de sus datos y la informaci\u00f3n proporcionada, as\u00ed como de los datos que comunique al propietario. De no ser as\u00ed ser\u00e1 el unico responsable de la informaci\u00f3n proporcionada ya sea falsa, inexacta o no ver\u00eddica.<\/p>\n<p>El usuario se compromete expresamente a hacer uso correcto y adecuado de la informaci\u00f3n y contenido de nuestro portal y no emplearla para difundir, generar o compartir informaci\u00f3n delictiva, prohibida o contraria a la ley y el orden p\u00fablico.<\/p>\n<p>[\/et_pb_text][et_pb_text _builder_version=\u00bb4.27.4&#8243; _module_preset=\u00bba0abaf6e-c05b-4937-b699-c8ad11b3b4df\u00bb header_font_size=\u00bb27px\u00bb header_3_font_size=\u00bb18px\u00bb custom_margin=\u00bb||1px||false|false\u00bb global_colors_info=\u00bb{}\u00bb]<\/p>\n<h3><strong>Derechos de autor<\/strong><\/h3>\n<p>[\/et_pb_text][et_pb_text _builder_version=\u00bb4.27.4&#8243; _module_preset=\u00bba0abaf6e-c05b-4937-b699-c8ad11b3b4df\u00bb custom_margin=\u00bb||5px||false|false\u00bb global_colors_info=\u00bb{}\u00bb]<\/p>\n<p>El dise\u00f1o, contenido y trabajo realizados en nuestra web es de nuestra propiedad y est\u00e1 sujeto a la reglamentaci\u00f3n y normativa de las leyes alemanas y su reglamentaci\u00f3n por la Uni\u00f3n Europea.<\/p>\n<p>Las descargas de material e inforamaci\u00f3n de nuestro sitio web as\u00ed como sus copias son para uso privado y no comercial. Tambi\u00e9n existe material de terceros que poseen y est\u00e1n sujetos a derechos de autor de terceros.<\/p>\n<p><a href=\"https:\/\/www.bfdi.bund.de\/DE\/Buerger\/Inhalte\/Allgemein\/Datenschutz\/GrundlagenDatenschutzrecht.html\"><span style=\"color: #808080;\">https:\/\/www.bfdi.bund.de\/DE\/Buerger\/Inhalte\/Allgemein\/Datenschutz\/GrundlagenDatenschutzrecht.html<\/span><\/a><\/p>\n<p><a href=\"https:\/\/dsgvo-gesetz.de\/\"><span style=\"color: #808080;\">https:\/\/dsgvo-gesetz.de\/<\/span><\/a><\/p>\n<p>https:\/\/www.consilium.europa.eu\/de\/policies\/data-protection\/<\/p>\n<p>&nbsp;<\/p>\n<p>[\/et_pb_text][et_pb_text _builder_version=\u00bb4.27.4&#8243; _module_preset=\u00bba0abaf6e-c05b-4937-b699-c8ad11b3b4df\u00bb global_colors_info=\u00bb{}\u00bb][\/et_pb_text][\/et_pb_column][\/et_pb_row][\/et_pb_section]<\/p>\n","protected":false},"excerpt":{"rendered":"<p>ImpressumInformaci\u00f3n de acuerdo\u00a0 al \u00a7 5 TMGAyud@rte e.V.Staakener Str.13583 BerlinRepresentante:Frau Ing. Marta Fern\u00e1ndezDatos de Contacto:Tel\u00e9fono: 030 75948838E-mail: info@ayud-arte.de &nbsp;Registro e inscripci\u00f3n:Amtsgericht CharlottenburgVereinsregisterAmtsgerichtsplatz 114057 BerlinResponsabilidad de contenidos e im\u00e1genesSeg\u00fan el p\u00e1rrafo \u00a7 7 Abs. 1 TMG somos responsables de los contenidos propios que figuran en nuestra web. Seg\u00fan los p\u00e1rrafos 8,9 y 10 TMG, como gestores [&hellip;]<\/p>\n","protected":false},"author":1,"featured_media":0,"parent":0,"menu_order":0,"comment_status":"closed","ping_status":"closed","template":"","meta":{"_et_pb_use_builder":"on","_et_pb_old_content":"<!-- wp:divi\/placeholder \/-->","_et_gb_content_width":"","footnotes":""},"class_list":["post-1014","page","type-page","status-publish","hentry"],"_links":{"self":[{"href":"https:\/\/akademie-studium.com\/es\/wp-json\/wp\/v2\/pages\/1014","targetHints":{"allow":["GET"]}}],"collection":[{"href":"https:\/\/akademie-studium.com\/es\/wp-json\/wp\/v2\/pages"}],"about":[{"href":"https:\/\/akademie-studium.com\/es\/wp-json\/wp\/v2\/types\/page"}],"author":[{"embeddable":true,"href":"https:\/\/akademie-studium.com\/es\/wp-json\/wp\/v2\/users\/1"}],"replies":[{"embeddable":true,"href":"https:\/\/akademie-studium.com\/es\/wp-json\/wp\/v2\/comments?post=1014"}],"version-history":[{"count":9,"href":"https:\/\/akademie-studium.com\/es\/wp-json\/wp\/v2\/pages\/1014\/revisions"}],"predecessor-version":[{"id":1276,"href":"https:\/\/akademie-studium.com\/es\/wp-json\/wp\/v2\/pages\/1014\/revisions\/1276"}],"wp:attachment":[{"href":"https:\/\/akademie-studium.com\/es\/wp-json\/wp\/v2\/media?parent=1014"}],"curies":[{"name":"wp","href":"https:\/\/api.w.org\/{rel}","templated":true}]}}