{"id":169,"date":"2024-09-26T07:58:21","date_gmt":"2024-09-26T07:58:21","guid":{"rendered":"https:\/\/akademie-studium.com\/?page_id=169"},"modified":"2025-01-23T13:31:03","modified_gmt":"2025-01-23T13:31:03","slug":"vosotros","status":"publish","type":"page","link":"https:\/\/akademie-studium.com\/es\/vosotros\/","title":{"rendered":"Formaci\u00f3n"},"content":{"rendered":"<p>[et_pb_section fb_built=\u00bb1&#8243; admin_label=\u00bbCourses\u00bb _builder_version=\u00bb4.27.4&#8243; _module_preset=\u00bbdefault\u00bb background_enable_color=\u00bboff\u00bb hover_enabled=\u00bb0&#8243; collapsed=\u00bbon\u00bb global_colors_info=\u00bb{%22gcid-a4870473-0ec3-40e3-b68b-386afbb8d1b5%22:%91%22background_color%22%93}\u00bb custom_margin=\u00bb-40px||53px||false|false\u00bb sticky_enabled=\u00bb0&#8243;][et_pb_row column_structure=\u00bb1_2,1_2&#8243; _builder_version=\u00bb4.27.4&#8243; _module_preset=\u00bbdefault\u00bb hover_enabled=\u00bb0&#8243; global_colors_info=\u00bb{}\u00bb custom_margin=\u00bb50px||20px||false|false\u00bb sticky_enabled=\u00bb0&#8243;][et_pb_column type=\u00bb1_2&#8243; _builder_version=\u00bb4.27.2&#8243; _module_preset=\u00bbdefault\u00bb global_colors_info=\u00bb{}\u00bb][et_pb_text _builder_version=\u00bb4.27.4&#8243; _module_preset=\u00bb9b6c2e5f-b51d-46db-afeb-520f5d2eb614&#8243; text_font=\u00bbMontserrat|500|||||||\u00bb text_text_color=\u00bbrgba(46,127,193,0.83)\u00bb header_3_font=\u00bbMontserrat|500|||||||\u00bb header_3_text_color=\u00bbrgba(46,127,193,0.83)\u00bb header_3_font_size=\u00bb29px\u00bb hover_enabled=\u00bb0&#8243; global_colors_info=\u00bb{}\u00bb header_3_line_height=\u00bb1.5em\u00bb sticky_enabled=\u00bb0&#8243; header_font_size=\u00bb21px\u00bb header_2_font_size=\u00bb44px\u00bb custom_margin=\u00bb||5px||false|false\u00bb]<\/p>\n<h3 style=\"text-align: center;\"><strong>Formaci\u00f3n para Trabajadores Activos<\/strong><\/h3>\n<p>[\/et_pb_text][et_pb_text _builder_version=\u00bb4.27.4&#8243; _module_preset=\u00bb9b6c2e5f-b51d-46db-afeb-520f5d2eb614&#8243; text_font=\u00bbMontserrat||||||||\u00bb header_font=\u00bb&#8211;et_global_heading_font||||||||\u00bb header_text_color=\u00bbrgba(46,127,193,0.83)\u00bb header_3_font=\u00bb&#8211;et_global_heading_font||||||||\u00bb header_3_text_color=\u00bbrgba(46,127,193,0.83)\u00bb header_3_font_size=\u00bb17px\u00bb header_3_line_height=\u00bb1.5em\u00bb hover_enabled=\u00bb0&#8243; global_colors_info=\u00bb{}\u00bb sticky_enabled=\u00bb0&#8243;]<\/p>\n<h3>La formaci\u00f3n continua mejora la competitividad y eficiencia de los trabajadores, tambi\u00e9n potencia el rendimiento en su centro de trabajo generando una mayor productividad para las empresas.<\/h3>\n<p>[\/et_pb_text][et_pb_image src=\u00bbhttps:\/\/akademie-studium.com\/wp-content\/uploads\/2024\/10\/online-university-66.png\u00bb title_text=\u00bbonline-university-66&#8243; _builder_version=\u00bb4.27.2&#8243; _module_preset=\u00bbdefault\u00bb width=\u00bb50%\u00bb global_colors_info=\u00bb{}\u00bb][\/et_pb_image][\/et_pb_column][et_pb_column type=\u00bb1_2&#8243; _builder_version=\u00bb4.19.1&#8243; _module_preset=\u00bbdefault\u00bb global_colors_info=\u00bb{}\u00bb][et_pb_blurb title=\u00bbPlan de formaci\u00f3n espec\u00edfico para tu empresa\u00bb _builder_version=\u00bb4.27.4&#8243; _module_preset=\u00bbe2298e45-1209-4302-8de7-535242e9a112&#8243; header_font=\u00bbMontserrat|700|||||||\u00bb body_font=\u00bb&#8211;et_global_heading_font||||||||\u00bb body_text_color=\u00bb#FFFFFF\u00bb background_color=\u00bbrgba(46,127,193,0.83)\u00bb background_layout=\u00bbdark\u00bb hover_enabled=\u00bb0&#8243; border_width_all=\u00bb2px\u00bb border_color_all=\u00bb#0C71C3&#8243; locked=\u00bboff\u00bb global_colors_info=\u00bb{}\u00bb custom_margin=\u00bb14px||||false|false\u00bb sticky_enabled=\u00bb0&#8243;]<\/p>\n<p>Tenemos dise\u00f1ado un plan para poder cubrir las necesidades de las empresas en distintos sectores y niveles.<\/p>\n<p>[\/et_pb_blurb][et_pb_blurb title=\u00bbCursos online adaptados al mercado laboral\u00bb _builder_version=\u00bb4.27.4&#8243; _module_preset=\u00bbe2298e45-1209-4302-8de7-535242e9a112&#8243; header_font=\u00bbMontserrat|700|||||||\u00bb header_text_color=\u00bbrgba(46,127,193,0.83)\u00bb body_font=\u00bb&#8211;et_global_heading_font||||||||\u00bb body_text_color=\u00bbrgba(46,127,193,0.83)\u00bb hover_enabled=\u00bb0&#8243; border_width_all=\u00bb2px\u00bb border_color_all=\u00bb#0C71C3&#8243; locked=\u00bboff\u00bb global_colors_info=\u00bb{}\u00bb sticky_enabled=\u00bb0&#8243;]<\/p>\n<p>Nuestros cursos est\u00e1n dirigidos a mejoras e innovaciones del sector Laboral. Ofrecemos cursos con m\u00faltiples orientaciones como Comercio Electr\u00f3nico, Logistica, Espa\u00f1ol para Negocios, etc.<\/p>\n<p>[\/et_pb_blurb][et_pb_blurb title=\u00bbAcceso en cualquier momento \u00bb _builder_version=\u00bb4.27.4&#8243; _module_preset=\u00bbe2298e45-1209-4302-8de7-535242e9a112&#8243; header_font=\u00bbMontserrat|700|||||||\u00bb header_text_color=\u00bb#FFFFFF\u00bb body_font=\u00bb&#8211;et_global_heading_font||||||||\u00bb body_text_color=\u00bb#FFFFFF\u00bb background_color=\u00bbrgba(46,127,193,0.83)\u00bb hover_enabled=\u00bb0&#8243; border_width_all=\u00bb2px\u00bb border_color_all=\u00bb#0C71C3&#8243; locked=\u00bboff\u00bb global_colors_info=\u00bb{}\u00bb sticky_enabled=\u00bb0&#8243;]<\/p>\n<p>A trav\u00e9s de nuestra plataforma puedes ingresar en cualquier momento. Recibir\u00e1s los datos de acceso y un asesor que te acompa\u00f1ar\u00e1 en toda la formaci\u00f3n.<\/p>\n<p>[\/et_pb_blurb][\/et_pb_column][\/et_pb_row][et_pb_row _builder_version=\u00bb4.27.2&#8243; _module_preset=\u00bbdefault\u00bb global_colors_info=\u00bb{}\u00bb][et_pb_column type=\u00bb4_4&#8243; _builder_version=\u00bb4.27.2&#8243; _module_preset=\u00bbdefault\u00bb global_colors_info=\u00bb{}\u00bb][et_pb_text _builder_version=\u00bb4.27.4&#8243; _module_preset=\u00bbdefault\u00bb text_font=\u00bbMontserrat||||||||\u00bb text_text_color=\u00bbrgba(46,127,193,0.83)\u00bb text_font_size=\u00bb20px\u00bb hover_enabled=\u00bb0&#8243; global_colors_info=\u00bb{}\u00bb sticky_enabled=\u00bb0&#8243; custom_margin=\u00bb18px|0px|46px|0px|false|true\u00bb]<\/p>\n<p style=\"text-align: center;\">Si est\u00e1s interesado en formar a tus trabajadores y con ello mejorar la capacidad de producci\u00f3n de tu empresa, comun\u00edcate con nosotros.<\/p>\n<p>[\/et_pb_text][\/et_pb_column][\/et_pb_row][et_pb_row _builder_version=\u00bb4.27.4&#8243; _module_preset=\u00bbdefault\u00bb hover_enabled=\u00bb0&#8243; border_color_all=\u00bb#FFFFFF\u00bb global_colors_info=\u00bb{}\u00bb custom_margin=\u00bb-27px||28px||false|false\u00bb sticky_enabled=\u00bb0&#8243; border_width_all=\u00bb1px\u00bb width=\u00bb72%\u00bb max_width=\u00bb1155px\u00bb max_height=\u00bb1000px\u00bb][et_pb_column type=\u00bb4_4&#8243; _builder_version=\u00bb4.27.2&#8243; _module_preset=\u00bbdefault\u00bb global_colors_info=\u00bb{}\u00bb][et_pb_contact_form email=\u00bbinfo@akademie-studium.com\u00bb title=\u00bbContacto\u00bb _builder_version=\u00bb4.27.3&#8243; _module_preset=\u00bbdefault\u00bb _unique_id=\u00bb32f02ab7-fb1f-49dc-9751-7874a84a6f94&#8243; form_field_background_color=\u00bb#FFFFFF\u00bb form_field_text_color=\u00bbrgba(46,127,193,0.83)\u00bb form_field_focus_text_color=\u00bbRGBA(255,255,255,0)\u00bb title_font=\u00bb&#8211;et_global_heading_font||||||||\u00bb title_text_color=\u00bbrgba(46,127,193,0.83)\u00bb border_width_all=\u00bb1px\u00bb border_color_all=\u00bb#0C71C3&#8243; global_colors_info=\u00bb{}\u00bb][et_pb_contact_field field_id=\u00bbName\u00bb field_title=\u00bbNombre\u00bb _builder_version=\u00bb4.16&#8243; global_colors_info=\u00bb{}\u00bb button_text_size__hover_enabled=\u00bboff\u00bb button_one_text_size__hover_enabled=\u00bboff\u00bb button_two_text_size__hover_enabled=\u00bboff\u00bb button_text_color__hover_enabled=\u00bboff\u00bb button_one_text_color__hover_enabled=\u00bboff\u00bb button_two_text_color__hover_enabled=\u00bboff\u00bb button_border_width__hover_enabled=\u00bboff\u00bb button_one_border_width__hover_enabled=\u00bboff\u00bb button_two_border_width__hover_enabled=\u00bboff\u00bb button_border_color__hover_enabled=\u00bboff\u00bb button_one_border_color__hover_enabled=\u00bboff\u00bb button_two_border_color__hover_enabled=\u00bboff\u00bb button_border_radius__hover_enabled=\u00bboff\u00bb button_one_border_radius__hover_enabled=\u00bboff\u00bb button_two_border_radius__hover_enabled=\u00bboff\u00bb button_letter_spacing__hover_enabled=\u00bboff\u00bb button_one_letter_spacing__hover_enabled=\u00bboff\u00bb button_two_letter_spacing__hover_enabled=\u00bboff\u00bb button_bg_color__hover_enabled=\u00bboff\u00bb button_one_bg_color__hover_enabled=\u00bboff\u00bb button_two_bg_color__hover_enabled=\u00bboff\u00bb][\/et_pb_contact_field][et_pb_contact_field field_id=\u00bbEmail\u00bb field_title=\u00bbDirecci\u00f3n de correo electr\u00f3nico\u00bb field_type=\u00bbemail\u00bb _builder_version=\u00bb4.16&#8243; global_colors_info=\u00bb{}\u00bb button_text_size__hover_enabled=\u00bboff\u00bb button_one_text_size__hover_enabled=\u00bboff\u00bb button_two_text_size__hover_enabled=\u00bboff\u00bb button_text_color__hover_enabled=\u00bboff\u00bb button_one_text_color__hover_enabled=\u00bboff\u00bb button_two_text_color__hover_enabled=\u00bboff\u00bb button_border_width__hover_enabled=\u00bboff\u00bb button_one_border_width__hover_enabled=\u00bboff\u00bb button_two_border_width__hover_enabled=\u00bboff\u00bb button_border_color__hover_enabled=\u00bboff\u00bb button_one_border_color__hover_enabled=\u00bboff\u00bb button_two_border_color__hover_enabled=\u00bboff\u00bb button_border_radius__hover_enabled=\u00bboff\u00bb button_one_border_radius__hover_enabled=\u00bboff\u00bb button_two_border_radius__hover_enabled=\u00bboff\u00bb button_letter_spacing__hover_enabled=\u00bboff\u00bb button_one_letter_spacing__hover_enabled=\u00bboff\u00bb button_two_letter_spacing__hover_enabled=\u00bboff\u00bb button_bg_color__hover_enabled=\u00bboff\u00bb button_one_bg_color__hover_enabled=\u00bboff\u00bb button_two_bg_color__hover_enabled=\u00bboff\u00bb][\/et_pb_contact_field][et_pb_contact_field field_id=\u00bbMessage\u00bb field_title=\u00bbMensaje\u00bb field_type=\u00bbtext\u00bb fullwidth_field=\u00bbon\u00bb _builder_version=\u00bb4.16&#8243; global_colors_info=\u00bb{}\u00bb button_text_size__hover_enabled=\u00bboff\u00bb button_one_text_size__hover_enabled=\u00bboff\u00bb button_two_text_size__hover_enabled=\u00bboff\u00bb button_text_color__hover_enabled=\u00bboff\u00bb button_one_text_color__hover_enabled=\u00bboff\u00bb button_two_text_color__hover_enabled=\u00bboff\u00bb button_border_width__hover_enabled=\u00bboff\u00bb button_one_border_width__hover_enabled=\u00bboff\u00bb button_two_border_width__hover_enabled=\u00bboff\u00bb button_border_color__hover_enabled=\u00bboff\u00bb button_one_border_color__hover_enabled=\u00bboff\u00bb button_two_border_color__hover_enabled=\u00bboff\u00bb button_border_radius__hover_enabled=\u00bboff\u00bb button_one_border_radius__hover_enabled=\u00bboff\u00bb button_two_border_radius__hover_enabled=\u00bboff\u00bb button_letter_spacing__hover_enabled=\u00bboff\u00bb button_one_letter_spacing__hover_enabled=\u00bboff\u00bb button_two_letter_spacing__hover_enabled=\u00bboff\u00bb button_bg_color__hover_enabled=\u00bboff\u00bb button_one_bg_color__hover_enabled=\u00bboff\u00bb button_two_bg_color__hover_enabled=\u00bboff\u00bb][\/et_pb_contact_field][\/et_pb_contact_form][\/et_pb_column][\/et_pb_row][\/et_pb_section]<\/p>\n","protected":false},"excerpt":{"rendered":"<p>Formaci\u00f3n para Trabajadores ActivosLa formaci\u00f3n continua mejora la competitividad y eficiencia de los trabajadores, tambi\u00e9n potencia el rendimiento en su centro de trabajo generando una mayor productividad para las empresas.Tenemos dise\u00f1ado un plan para poder cubrir las necesidades de las empresas en distintos sectores y niveles.Nuestros cursos est\u00e1n dirigidos a mejoras e innovaciones del sector [&hellip;]<\/p>\n","protected":false},"author":1,"featured_media":0,"parent":0,"menu_order":0,"comment_status":"closed","ping_status":"closed","template":"","meta":{"_et_pb_use_builder":"on","_et_pb_old_content":"","_et_gb_content_width":"","footnotes":""},"class_list":["post-169","page","type-page","status-publish","hentry"],"_links":{"self":[{"href":"https:\/\/akademie-studium.com\/es\/wp-json\/wp\/v2\/pages\/169","targetHints":{"allow":["GET"]}}],"collection":[{"href":"https:\/\/akademie-studium.com\/es\/wp-json\/wp\/v2\/pages"}],"about":[{"href":"https:\/\/akademie-studium.com\/es\/wp-json\/wp\/v2\/types\/page"}],"author":[{"embeddable":true,"href":"https:\/\/akademie-studium.com\/es\/wp-json\/wp\/v2\/users\/1"}],"replies":[{"embeddable":true,"href":"https:\/\/akademie-studium.com\/es\/wp-json\/wp\/v2\/comments?post=169"}],"version-history":[{"count":9,"href":"https:\/\/akademie-studium.com\/es\/wp-json\/wp\/v2\/pages\/169\/revisions"}],"predecessor-version":[{"id":1264,"href":"https:\/\/akademie-studium.com\/es\/wp-json\/wp\/v2\/pages\/169\/revisions\/1264"}],"wp:attachment":[{"href":"https:\/\/akademie-studium.com\/es\/wp-json\/wp\/v2\/media?parent=169"}],"curies":[{"name":"wp","href":"https:\/\/api.w.org\/{rel}","templated":true}]}}