{"id":286,"date":"2024-10-24T19:50:03","date_gmt":"2024-10-24T19:50:03","guid":{"rendered":"https:\/\/akademie-studium.com\/?page_id=286"},"modified":"2025-01-28T11:15:19","modified_gmt":"2025-01-28T11:15:19","slug":"gestion-de-compras-y-servicios","status":"publish","type":"page","link":"https:\/\/akademie-studium.com\/es\/gestion-de-compras-y-servicios\/","title":{"rendered":"Gestion de Compras y Servici\u00f3s"},"content":{"rendered":"<p>[et_pb_section fb_built=\u00bb1&#8243; admin_label=\u00bbCourse Hero\u00bb _builder_version=\u00bb4.27.2&#8243; background_color=\u00bbrgba(46,127,193,0.83)\u00bb background_enable_image=\u00bboff\u00bb background_blend=\u00bboverlay\u00bb custom_padding=\u00bb100px|0px|180px|0px\u00bb animation_style=\u00bbslide\u00bb animation_direction=\u00bbtop\u00bb animation_intensity_slide=\u00bb2%\u00bb locked=\u00bboff\u00bb global_colors_info=\u00bb{}\u00bb][et_pb_row column_structure=\u00bb1_2,1_2&#8243; _builder_version=\u00bb4.27.2&#8243; custom_margin=\u00bb|||\u00bb custom_width_px=\u00bb1280px\u00bb global_colors_info=\u00bb{}\u00bb][et_pb_column type=\u00bb1_2&#8243; _builder_version=\u00bb4.16&#8243; custom_padding=\u00bb|||\u00bb global_colors_info=\u00bb{}\u00bb custom_padding__hover=\u00bb|||\u00bb][et_pb_text _builder_version=\u00bb4.27.4&#8243; text_font=\u00bb&#8211;et_global_heading_font|500|||||||\u00bb text_line_height=\u00bb1.5em\u00bb header_font=\u00bb|on|||\u00bb header_font_size=\u00bb42px\u00bb header_line_height=\u00bb1.7em\u00bb header_3_font=\u00bb&#8211;et_global_heading_font|500|||||||\u00bb header_3_text_align=\u00bbleft\u00bb header_3_font_size=\u00bb26px\u00bb header_3_line_height=\u00bb1.4em\u00bb background_layout=\u00bbdark\u00bb custom_margin=\u00bb-1px||||false|false\u00bb custom_margin_tablet=\u00bb-50px||||false|false\u00bb custom_margin_phone=\u00bb-70px||||false|false\u00bb custom_margin_last_edited=\u00bbon|tablet\u00bb custom_padding=\u00bb|||\u00bb header_font_size_tablet=\u00bb\u00bb header_font_size_phone=\u00bb25px\u00bb header_font_size_last_edited=\u00bbon|phone\u00bb header_3_text_align_tablet=\u00bbcenter\u00bb header_3_text_align_phone=\u00bb\u00bb header_3_text_align_last_edited=\u00bbon|phone\u00bb locked=\u00bboff\u00bb global_colors_info=\u00bb{}\u00bb]<\/p>\n<h3><\/h3>\n<h3>Experto en Gesti\u00f3n de Compras y Servicios<\/h3>\n<p>&nbsp;<\/p>\n<h3>Duraci\u00f3n: 6 Meses<\/h3>\n<p>[\/et_pb_text][et_pb_text _builder_version=\u00bb4.27.4&#8243; text_font=\u00bb&#8211;et_global_heading_font||||||||\u00bb text_text_color=\u00bb#FFFFFF\u00bb text_font_size=\u00bb16px\u00bb text_line_height=\u00bb1.9em\u00bb header_line_height=\u00bb1.8em\u00bb custom_margin=\u00bb-17px|-7px|||false|false\u00bb custom_margin_tablet=\u00bb|-7px|||false|false\u00bb custom_margin_phone=\u00bb|-9px||5px|false|false\u00bb custom_margin_last_edited=\u00bbon|phone\u00bb locked=\u00bboff\u00bb global_colors_info=\u00bb{}\u00bb]<\/p>\n<p style=\"text-align: left;\">Una gesti\u00f3n eficiente de compras y aprovisionamiento generan una enorme ventaja y competitividad en una empresa.<\/p>\n<p style=\"text-align: left;\">Nuestra formaci\u00f3n est\u00e1 dirigida a directores de compras, responsables de aprovisionamiento e inventarios, directores de log\u00edstica o consultores de ingenier\u00eda.<\/p>\n<p style=\"text-align: left;\">Culminada con \u00e9xito la formaci\u00f3n acad\u00e9mica, obtendr\u00e1s los conocimientos que te permitir\u00e1n realizar de forma eficiente, eficaz y efectiva (3E) tu labor en el departamento de compras.<\/p>\n<p>[\/et_pb_text][\/et_pb_column][et_pb_column type=\u00bb1_2&#8243; _builder_version=\u00bb4.16&#8243; custom_padding=\u00bb|||\u00bb global_colors_info=\u00bb{}\u00bb custom_padding__hover=\u00bb|||\u00bb][et_pb_image src=\u00bbhttps:\/\/akademie-studium.com\/wp-content\/uploads\/2024\/09\/Comp.jpg\u00bb title_text=\u00bbComp\u00bb force_fullwidth=\u00bbon\u00bb align_tablet=\u00bbcenter\u00bb align_phone=\u00bbcenter\u00bb align_last_edited=\u00bbon|desktop\u00bb _builder_version=\u00bb4.27.4&#8243; min_height_tablet=\u00bb\u00bb min_height_phone=\u00bb\u00bb min_height_last_edited=\u00bbon|tablet\u00bb custom_margin=\u00bb18px|0px||-1px|false|false\u00bb custom_margin_tablet=\u00bb18px|0px||-1px|false|false\u00bb custom_margin_phone=\u00bb||-46px||false|false\u00bb custom_margin_last_edited=\u00bbon|phone\u00bb animation_style=\u00bbzoom\u00bb animation_direction=\u00bbleft\u00bb animation_intensity_zoom=\u00bb20%\u00bb border_radii=\u00bbon|22px|22px|22px|22px\u00bb global_colors_info=\u00bb{}\u00bb][\/et_pb_image][\/et_pb_column][\/et_pb_row][\/et_pb_section][et_pb_section fb_built=\u00bb1&#8243; specialty=\u00bbon\u00bb padding_top_2=\u00bb0px\u00bb admin_label=\u00bbCourse Chapters\u00bb _builder_version=\u00bb4.16&#8243; custom_margin=\u00bb|||\u00bb custom_padding=\u00bb0px||120px|\u00bb global_colors_info=\u00bb{}\u00bb][et_pb_column type=\u00bb2_3&#8243; specialty_columns=\u00bb2&#8243; _builder_version=\u00bb4.16&#8243; custom_padding=\u00bb|||\u00bb global_colors_info=\u00bb{}\u00bb parallax__hover=\u00bboff\u00bb parallax_method__hover=\u00bbon\u00bb custom_padding__hover=\u00bb|||\u00bb][et_pb_row_inner use_custom_gutter=\u00bbon\u00bb gutter_width=\u00bb4&#8243; _builder_version=\u00bb4.16&#8243; custom_margin=\u00bb-80px|||\u00bb custom_padding=\u00bb0px|||\u00bb global_colors_info=\u00bb{}\u00bb][et_pb_column_inner saved_specialty_column_type=\u00bb2_3&#8243; _builder_version=\u00bb4.16&#8243; custom_padding=\u00bb|||\u00bb global_colors_info=\u00bb{}\u00bb parallax__hover=\u00bboff\u00bb parallax_method__hover=\u00bbon\u00bb custom_padding__hover=\u00bb|||\u00bb][et_pb_blurb title=\u00bbEGCS- Contenido\u00bb image=\u00bbhttps:\/\/akademie-studium.com\/wp-content\/uploads\/2024\/09\/coding-icon_4.jpg\u00bb icon_placement=\u00bbleft\u00bb image_icon_width=\u00bb64px\u00bb content_max_width=\u00bb1100px\u00bb admin_label=\u00bbChapter\u00bb _builder_version=\u00bb4.27.4&#8243; header_font=\u00bb|on|||\u00bb header_text_color=\u00bb#2e2545&#8243; header_line_height=\u00bb1.5em\u00bb body_text_color=\u00bb#8585bd\u00bb body_font_size=\u00bb16px\u00bb body_line_height=\u00bb1.2em\u00bb background_color=\u00bb#ffffff\u00bb custom_margin=\u00bb|||-19px|false|false\u00bb custom_padding=\u00bb30px|30px|30px|25px|false|false\u00bb custom_padding_tablet=\u00bb30px|30px|30px|25px|false|false\u00bb custom_padding_phone=\u00bb|||5px|false|false\u00bb custom_padding_last_edited=\u00bbon|phone\u00bb animation_style=\u00bbzoom\u00bb animation_direction=\u00bbbottom\u00bb animation_intensity_zoom=\u00bb20%\u00bb animation_starting_opacity=\u00bb100%\u00bb link_option_url=\u00bbhttps:\/\/akademie-studium.com\/gestion-de-compras-y-servicios\/g-c-y-s-contenido\/\u00bb box_shadow_style=\u00bbpreset2&#8243; box_shadow_horizontal=\u00bb0px\u00bb box_shadow_vertical=\u00bb0px\u00bb box_shadow_blur=\u00bb60px\u00bb box_shadow_color=\u00bbrgba(71,74,182,0.12)\u00bb image_max_width=\u00bb64px\u00bb locked=\u00bboff\u00bb global_colors_info=\u00bb{}\u00bb]<\/p>\n<ul>\n<li>Introducci\u00f3n al \u00e1rea de compras<\/li>\n<li>Importancia de la cadena de suministro<\/li>\n<li>Administraci\u00f3n de compras y servicios<\/li>\n<li>Gesti\u00f3n estrat\u00e9gica de la cadena de suministros de productos y servicios<\/li>\n<li>Implementaci\u00f3n de modelos en abastecimiento (Lean Digital)<\/li>\n<li>Gesti\u00f3n financiera en el Departamento de Compras<\/li>\n<li>Automatizaci\u00f3n y auditoria de compras<\/li>\n<li>Supply Chain Management<\/li>\n<\/ul>\n<p>&nbsp;<\/p>\n<p><strong>80 Horas<\/strong><\/p>\n<p>[\/et_pb_blurb][et_pb_blurb title=\u00bbEGCS-Modulos I-II\u00bb image=\u00bbhttps:\/\/akademie-studium.com\/wp-content\/uploads\/2024\/10\/coding-icon_12.jpg\u00bb icon_placement=\u00bbleft\u00bb image_icon_width=\u00bb64px\u00bb content_max_width=\u00bb1100px\u00bb admin_label=\u00bbChapter\u00bb _builder_version=\u00bb4.27.4&#8243; header_font=\u00bb|on|||\u00bb header_text_color=\u00bb#2e2545&#8243; header_line_height=\u00bb1.8em\u00bb body_text_color=\u00bb#8585bd\u00bb body_font_size=\u00bb16px\u00bb body_line_height=\u00bb1.1em\u00bb background_color=\u00bb#ffffff\u00bb custom_margin=\u00bb||0px|-22px|false|false\u00bb custom_padding=\u00bb30px|30px|30px|25px|false|false\u00bb custom_padding_tablet=\u00bb30px|30px|30px|25px|false|false\u00bb custom_padding_phone=\u00bb30px|30px|30px|5px|false|false\u00bb custom_padding_last_edited=\u00bbon|desktop\u00bb animation_style=\u00bbzoom\u00bb animation_direction=\u00bbbottom\u00bb animation_intensity_zoom=\u00bb20%\u00bb animation_starting_opacity=\u00bb100%\u00bb link_option_url=\u00bbhttps:\/\/akademie-studium.com\/gestion-de-compras-y-servicios\/gcs-modulos-1-y-2\/\u00bb box_shadow_style=\u00bbpreset2&#8243; box_shadow_horizontal=\u00bb0px\u00bb box_shadow_vertical=\u00bb0px\u00bb box_shadow_blur=\u00bb60px\u00bb box_shadow_color=\u00bbrgba(71,74,182,0.12)\u00bb image_max_width=\u00bb64px\u00bb locked=\u00bboff\u00bb global_colors_info=\u00bb{}\u00bb]<\/p>\n<ul>\n<li>Estrategias en el \u00e1rea de suministros<\/li>\n<li>Planificaci\u00f3n y organizaci\u00f3n de suministros<\/li>\n<li>An\u00e1lisis y especificaci\u00f3n de las necesidades<\/li>\n<li>Abastecimiento interno o externo I- II (fabricar o comprar)<\/li>\n<li>Control de calidad de productos y servicios<\/li>\n<li>Control de stocks e inventarios.<\/li>\n<\/ul>\n<p>&nbsp;<\/p>\n<p><strong>80 Horas<\/strong><\/p>\n<p>[\/et_pb_blurb][et_pb_blurb title=\u00bbEGCS-Modulos III-IV\u00bb url=\u00bbhttps:\/\/akademie-studium.com\/gestion-de-compras-y-servicios\/gcs-modulos-3-y-4\/\u00bb image=\u00bbhttps:\/\/akademie-studium.com\/wp-content\/uploads\/2024\/10\/coding-icon_16.jpg\u00bb icon_placement=\u00bbleft\u00bb image_icon_width=\u00bb64px\u00bb content_max_width=\u00bb1100px\u00bb admin_label=\u00bbChapter\u00bb _builder_version=\u00bb4.27.4&#8243; header_font=\u00bb|on|||\u00bb header_text_color=\u00bb#2e2545&#8243; header_line_height=\u00bb1.8em\u00bb body_text_color=\u00bb#8585bd\u00bb body_font_size=\u00bb16px\u00bb body_line_height=\u00bb1.8em\u00bb background_color=\u00bb#ffffff\u00bb custom_margin=\u00bb34px|0px||-22px|false|false\u00bb custom_padding=\u00bb30px|30px|30px|25px|false|false\u00bb custom_padding_tablet=\u00bb30px|30px|30px|25px|false|false\u00bb custom_padding_phone=\u00bb30px|30px|30px|5px|false|false\u00bb custom_padding_last_edited=\u00bbon|desktop\u00bb animation_style=\u00bbzoom\u00bb animation_direction=\u00bbbottom\u00bb animation_intensity_zoom=\u00bb20%\u00bb animation_starting_opacity=\u00bb100%\u00bb link_option_url=\u00bbhttps:\/\/akademie-studium.com\/gestion-de-compras-y-servicios\/gcs-modulos-3-y-4\/\u00bb box_shadow_style=\u00bbpreset2&#8243; box_shadow_horizontal=\u00bb0px\u00bb box_shadow_vertical=\u00bb0px\u00bb box_shadow_blur=\u00bb60px\u00bb box_shadow_color=\u00bbrgba(71,74,182,0.12)\u00bb image_max_width=\u00bb64px\u00bb locked=\u00bboff\u00bb global_colors_info=\u00bb{}\u00bb]<\/p>\n<ul>\n<li>Compras estrat\u00e9gicas<\/li>\n<li>Planificaci\u00f3n estrat\u00e9gica de compras<\/li>\n<li>Almacenamiento estrat\u00e9gico<\/li>\n<li>Gesti\u00f3n de compras estrat\u00e9gicas<\/li>\n<li>Procesos de almacenamiento\u00a0 I- II<\/li>\n<li>Automatizaci\u00f3n de las fuentes de abastecimiento.<\/li>\n<\/ul>\n<p><strong><\/strong><\/p>\n<p><strong>80 Horas<\/strong><\/p>\n<p>[\/et_pb_blurb][et_pb_blurb title=\u00bbEGCS-Modulos V-VI\u00bb url=\u00bbhttps:\/\/akademie-studium.com\/gestion-de-compras-y-servicios\/gcs-modulos-5-y-6\/\u00bb image=\u00bbhttps:\/\/akademie-studium.com\/wp-content\/uploads\/2024\/10\/coding-icon_16.jpg\u00bb icon_placement=\u00bbleft\u00bb image_icon_width=\u00bb64px\u00bb content_max_width=\u00bb1100px\u00bb admin_label=\u00bbChapter\u00bb _builder_version=\u00bb4.27.4&#8243; header_font=\u00bb|on|||\u00bb header_text_color=\u00bb#2e2545&#8243; header_line_height=\u00bb1.8em\u00bb body_text_color=\u00bb#8585bd\u00bb body_font_size=\u00bb16px\u00bb body_line_height=\u00bb1.2em\u00bb background_color=\u00bb#ffffff\u00bb custom_margin=\u00bb34px|0px||-22px|false|false\u00bb custom_padding=\u00bb30px|30px|30px|25px|false|false\u00bb custom_padding_tablet=\u00bb30px|30px|30px|25px|false|false\u00bb custom_padding_phone=\u00bb30px|30px|30px|5px|false|false\u00bb custom_padding_last_edited=\u00bbon|desktop\u00bb animation_style=\u00bbzoom\u00bb animation_direction=\u00bbbottom\u00bb animation_intensity_zoom=\u00bb20%\u00bb animation_starting_opacity=\u00bb100%\u00bb link_option_url=\u00bbhttps:\/\/akademie-studium.com\/gestion-de-compras-y-servicios\/gcs-modulos-5-y-6\/\u00bb box_shadow_style=\u00bbpreset2&#8243; box_shadow_horizontal=\u00bb0px\u00bb box_shadow_vertical=\u00bb0px\u00bb box_shadow_blur=\u00bb60px\u00bb box_shadow_color=\u00bbrgba(71,74,182,0.12)\u00bb image_max_width=\u00bb64px\u00bb locked=\u00bboff\u00bb global_colors_info=\u00bb{}\u00bb]<\/p>\n<ul>\n<li>Negociaci\u00f3n con proveedores<\/li>\n<li>Cierre de contratos de compra<\/li>\n<li>Planificaci\u00f3n y pron\u00f3stico de compra<\/li>\n<li>Automatizaci\u00f3n de pedidos<\/li>\n<li>Gesti\u00f3n de muestras y compras Online<\/li>\n<li>Comunicaci\u00f3n con fuentes de abastecimiento.<strong><\/strong><\/li>\n<\/ul>\n<p><strong><\/strong><\/p>\n<p><strong><\/strong><\/p>\n<p><strong>80 Horas<\/strong><\/p>\n<p>[\/et_pb_blurb][et_pb_button button_url=\u00bbhttps:\/\/akademie-studium.com\/formacion-profesional\/\u00bb button_text=\u00bbRegresar a la lista de Cursos\u00bb button_alignment=\u00bbleft\u00bb _builder_version=\u00bb4.27.4&#8243; custom_button=\u00bbon\u00bb button_text_size=\u00bb16px\u00bb button_text_color=\u00bb#ffffff\u00bb button_bg_color=\u00bbrgba(46,127,193,0.83)\u00bb button_border_width=\u00bb0px\u00bb button_border_color=\u00bbRGBA(255,255,255,0)\u00bb button_border_radius=\u00bb100px\u00bb button_letter_spacing=\u00bb1px\u00bb button_font=\u00bb|600||on|||||\u00bb button_icon=\u00bb&#x44;||divi||400&#8243; button_icon_placement=\u00bbleft\u00bb button_on_hover=\u00bboff\u00bb custom_margin=\u00bb20px|||\u00bb animation_style=\u00bbzoom\u00bb animation_delay=\u00bb100ms\u00bb animation_intensity_zoom=\u00bb6%\u00bb hover_enabled=\u00bb0&#8243; button_text_size_tablet=\u00bb16px\u00bb button_text_size_phone=\u00bb15px\u00bb button_text_size_last_edited=\u00bbon|phone\u00bb box_shadow_style=\u00bbpreset1&#8243; box_shadow_vertical=\u00bb10px\u00bb box_shadow_blur=\u00bb50px\u00bb box_shadow_spread=\u00bb5px\u00bb box_shadow_color=\u00bbRGBA(255,255,255,0)\u00bb button_letter_spacing_hover=\u00bb2px\u00bb saved_tabs=\u00bball\u00bb locked=\u00bboff\u00bb global_colors_info=\u00bb{}\u00bb button_text_size__hover_enabled=\u00bboff\u00bb button_text_size__hover=\u00bbnull\u00bb button_one_text_size__hover_enabled=\u00bboff\u00bb button_one_text_size__hover=\u00bbnull\u00bb button_two_text_size__hover_enabled=\u00bboff\u00bb button_two_text_size__hover=\u00bbnull\u00bb button_text_color__hover_enabled=\u00bboff\u00bb button_text_color__hover=\u00bbnull\u00bb button_one_text_color__hover_enabled=\u00bboff\u00bb button_one_text_color__hover=\u00bbnull\u00bb button_two_text_color__hover_enabled=\u00bboff\u00bb button_two_text_color__hover=\u00bbnull\u00bb button_border_width__hover_enabled=\u00bboff\u00bb button_border_width__hover=\u00bbnull\u00bb button_one_border_width__hover_enabled=\u00bboff\u00bb button_one_border_width__hover=\u00bbnull\u00bb button_two_border_width__hover_enabled=\u00bboff\u00bb button_two_border_width__hover=\u00bbnull\u00bb button_border_color__hover_enabled=\u00bboff\u00bb button_border_color__hover=\u00bbnull\u00bb button_one_border_color__hover_enabled=\u00bboff\u00bb button_one_border_color__hover=\u00bbnull\u00bb button_two_border_color__hover_enabled=\u00bboff\u00bb button_two_border_color__hover=\u00bbnull\u00bb button_border_radius__hover_enabled=\u00bboff\u00bb button_border_radius__hover=\u00bbnull\u00bb button_one_border_radius__hover_enabled=\u00bboff\u00bb button_one_border_radius__hover=\u00bbnull\u00bb button_two_border_radius__hover_enabled=\u00bboff\u00bb button_two_border_radius__hover=\u00bbnull\u00bb button_letter_spacing__hover_enabled=\u00bbon\u00bb button_letter_spacing__hover=\u00bb2px\u00bb button_one_letter_spacing__hover_enabled=\u00bboff\u00bb button_one_letter_spacing__hover=\u00bbnull\u00bb button_two_letter_spacing__hover_enabled=\u00bboff\u00bb button_two_letter_spacing__hover=\u00bbnull\u00bb button_bg_color__hover_enabled=\u00bboff\u00bb button_bg_color__hover=\u00bbnull\u00bb button_one_bg_color__hover_enabled=\u00bboff\u00bb button_one_bg_color__hover=\u00bbnull\u00bb button_two_bg_color__hover_enabled=\u00bboff\u00bb button_two_bg_color__hover=\u00bbnull\u00bb sticky_enabled=\u00bb0&#8243;][\/et_pb_button][\/et_pb_column_inner][\/et_pb_row_inner][\/et_pb_column][et_pb_column type=\u00bb1_3&#8243; _builder_version=\u00bb4.16&#8243; custom_padding=\u00bb|||\u00bb global_colors_info=\u00bb{}\u00bb padding_top__hover=\u00bb0px\u00bb parallax__hover=\u00bboff\u00bb parallax_method__hover=\u00bbon\u00bb custom_padding__hover=\u00bb|||\u00bb][et_pb_blurb title=\u00bbInstructores\u00bb url=\u00bb#\u00bb image=\u00bbhttps:\/\/akademie-studium.com\/wp-content\/uploads\/2024\/10\/portraits-circle-small_2.png\u00bb image_icon_width=\u00bb100px\u00bb admin_label=\u00bbInstructor\u00bb _builder_version=\u00bb4.27.4&#8243; header_font=\u00bb|700|||||||\u00bb header_text_color=\u00bb#2e2545&#8243; header_font_size=\u00bb19px\u00bb header_line_height=\u00bb1.5em\u00bb body_text_color=\u00bb#8585bd\u00bb body_font_size=\u00bb16px\u00bb body_line_height=\u00bb1.9em\u00bb background_color=\u00bb#ffffff\u00bb text_orientation=\u00bbcenter\u00bb custom_margin=\u00bb-80px||||false|false\u00bb custom_margin_tablet=\u00bb0px||-3px|-17px|false|false\u00bb custom_margin_phone=\u00bb0px||-3px|-17px|false|false\u00bb custom_margin_last_edited=\u00bbon|desktop\u00bb custom_padding=\u00bb0px|39px|35px|35px|false|false\u00bb custom_padding_tablet=\u00bb0px|39px|35px|35px|false|false\u00bb custom_padding_phone=\u00bb0px|39px|35px|35px|false|false\u00bb custom_padding_last_edited=\u00bbon|desktop\u00bb animation_style=\u00bbzoom\u00bb animation_direction=\u00bbbottom\u00bb animation_intensity_zoom=\u00bb20%\u00bb animation_starting_opacity=\u00bb100%\u00bb box_shadow_style=\u00bbpreset1&#8243; box_shadow_vertical=\u00bb0px\u00bb box_shadow_blur=\u00bb60px\u00bb box_shadow_color=\u00bbrgba(71,74,182,0.12)\u00bb image_max_width=\u00bb100px\u00bb global_colors_info=\u00bb{}\u00bb]<\/p>\n<p style=\"text-align: center;\">En Akademie-Studium contamos con un equipo altamente cualificado y preparado para guiarte, acompa\u00f1arte y transmitirte todo el conocimiento necesario para que elijas la formaci\u00f3n profesional m\u00e1s adecuada para ti.<\/p>\n<p>[\/et_pb_blurb][\/et_pb_column][\/et_pb_section]<\/p>\n","protected":false},"excerpt":{"rendered":"<p>Experto en Gesti\u00f3n de Compras y Servicios &nbsp; Duraci\u00f3n: 6 MesesUna gesti\u00f3n eficiente de compras y aprovisionamiento generan una enorme ventaja y competitividad en una empresa. Nuestra formaci\u00f3n est\u00e1 dirigida a directores de compras, responsables de aprovisionamiento e inventarios, directores de log\u00edstica o consultores de ingenier\u00eda. Culminada con \u00e9xito la formaci\u00f3n acad\u00e9mica, obtendr\u00e1s los conocimientos [&hellip;]<\/p>\n","protected":false},"author":1,"featured_media":0,"parent":0,"menu_order":0,"comment_status":"closed","ping_status":"closed","template":"","meta":{"_et_pb_use_builder":"on","_et_pb_old_content":"<!-- wp:divi\/placeholder \/-->","_et_gb_content_width":"","footnotes":""},"class_list":["post-286","page","type-page","status-publish","hentry"],"_links":{"self":[{"href":"https:\/\/akademie-studium.com\/es\/wp-json\/wp\/v2\/pages\/286","targetHints":{"allow":["GET"]}}],"collection":[{"href":"https:\/\/akademie-studium.com\/es\/wp-json\/wp\/v2\/pages"}],"about":[{"href":"https:\/\/akademie-studium.com\/es\/wp-json\/wp\/v2\/types\/page"}],"author":[{"embeddable":true,"href":"https:\/\/akademie-studium.com\/es\/wp-json\/wp\/v2\/users\/1"}],"replies":[{"embeddable":true,"href":"https:\/\/akademie-studium.com\/es\/wp-json\/wp\/v2\/comments?post=286"}],"version-history":[{"count":29,"href":"https:\/\/akademie-studium.com\/es\/wp-json\/wp\/v2\/pages\/286\/revisions"}],"predecessor-version":[{"id":1442,"href":"https:\/\/akademie-studium.com\/es\/wp-json\/wp\/v2\/pages\/286\/revisions\/1442"}],"wp:attachment":[{"href":"https:\/\/akademie-studium.com\/es\/wp-json\/wp\/v2\/media?parent=286"}],"curies":[{"name":"wp","href":"https:\/\/api.w.org\/{rel}","templated":true}]}}