{"id":292,"date":"2024-10-24T19:52:06","date_gmt":"2024-10-24T19:52:06","guid":{"rendered":"https:\/\/akademie-studium.com\/?page_id=292"},"modified":"2025-10-23T03:38:44","modified_gmt":"2025-10-23T03:38:44","slug":"orientacion-profesional","status":"publish","type":"page","link":"https:\/\/akademie-studium.com\/es\/orientacion-profesional\/","title":{"rendered":"Orientaci\u00f3n Profesional"},"content":{"rendered":"\n[et_pb_section fb_built=\u00bb1&#8243; admin_label=\u00bbCourse Hero\u00bb _builder_version=\u00bb4.27.2&#8243; background_color=\u00bbrgba(46,127,193,0.83)\u00bb background_image=\u00bbhttps:\/\/akademie-studium.com\/wp-content\/uploads\/2024\/09\/coding-background-texture.jpg\u00bb background_blend=\u00bboverlay\u00bb custom_padding=\u00bb100px|0px|180px|0px\u00bb animation_style=\u00bbslide\u00bb animation_direction=\u00bbtop\u00bb animation_intensity_slide=\u00bb2%\u00bb locked=\u00bboff\u00bb global_colors_info=\u00bb{}\u00bb][et_pb_row column_structure=\u00bb1_2,1_2&#8243; _builder_version=\u00bb4.16&#8243; custom_margin=\u00bb|||\u00bb custom_width_px=\u00bb1280px\u00bb global_colors_info=\u00bb{}\u00bb][et_pb_column type=\u00bb1_2&#8243; _builder_version=\u00bb4.16&#8243; custom_padding=\u00bb|||\u00bb global_colors_info=\u00bb{}\u00bb custom_padding__hover=\u00bb|||\u00bb][et_pb_text _builder_version=\u00bb4.27.4&#8243; text_font=\u00bbMontserrat||||||||\u00bb text_text_color=\u00bb#000000&#8243; text_font_size=\u00bb15px\u00bb header_font=\u00bb|600|||||||\u00bb header_font_size=\u00bb42px\u00bb header_line_height=\u00bb1.3em\u00bb header_3_font=\u00bbMontserrat||||||||\u00bb header_3_text_color=\u00bb#FFFFFF\u00bb header_3_font_size=\u00bb27px\u00bb header_3_line_height=\u00bb1.5em\u00bb background_layout=\u00bbdark\u00bb custom_margin=\u00bb0px||-1px||false|false\u00bb custom_margin_tablet=\u00bb-55px||||false|false\u00bb custom_margin_phone=\u00bb-60px||||false|false\u00bb custom_margin_last_edited=\u00bbon|phone\u00bb custom_padding=\u00bb|||\u00bb header_font_size_tablet=\u00bb\u00bb header_font_size_phone=\u00bb\u00bb header_font_size_last_edited=\u00bbon|desktop\u00bb header_3_font_size_tablet=\u00bb28px\u00bb header_3_font_size_phone=\u00bb25px\u00bb header_3_font_size_last_edited=\u00bbon|phone\u00bb header_3_line_height_tablet=\u00bb1.5em\u00bb header_3_line_height_phone=\u00bb1.7em\u00bb header_3_line_height_last_edited=\u00bbon|desktop\u00bb locked=\u00bboff\u00bb global_colors_info=\u00bb{}\u00bb]<h3 style=\"text-align: left;\"><strong>Orientaci\u00f3n Profesional<\/strong><\/h3>\n<h3 style=\"text-align: left;\"><\/h3>\n<h3 style=\"text-align: left;\">Duraci\u00f3n: 4 Semanas<\/h3>\n<h3><span style=\"font-size: large; color: rgba(255, 255, 255, 0.47);\">\u00a0<\/span><\/h3>[\/et_pb_text][et_pb_text _builder_version=\u00bb4.27.4&#8243; text_font=\u00bbMontserrat||||||||\u00bb text_text_color=\u00bb#FFFFFF\u00bb text_font_size=\u00bb16px\u00bb text_line_height=\u00bb2.6em\u00bb custom_margin=\u00bb-18px||||false|false\u00bb custom_margin_tablet=\u00bb-25px||35px||false|false\u00bb custom_margin_phone=\u00bb-20px||35px||false|false\u00bb custom_margin_last_edited=\u00bbon|desktop\u00bb text_line_height_tablet=\u00bb2.6em\u00bb text_line_height_phone=\u00bb2.2em\u00bb text_line_height_last_edited=\u00bbon|phone\u00bb locked=\u00bboff\u00bb global_colors_info=\u00bb{}\u00bb]<p style=\"text-align: left;\">El mercado laboral actual es cada vez m\u00e1s complejo y exigente. En Akademie-Studium somos conscientes de ello y estamos preparados y formados para darte la mejor orientaci\u00f3n. Nuestra labor y deseo es que puedas hacer la mejor elecci\u00f3n para tu futuro profesional.<\/p>[\/et_pb_text][et_pb_button button_url=\u00bbhttps:\/\/akademie-studium.com\/contacto\/\u00bb button_text=\u00bbCont\u00e1ctanos\u00bb _builder_version=\u00bb4.27.4&#8243; _module_preset=\u00bbdefault\u00bb custom_button=\u00bbon\u00bb button_text_color=\u00bb#FFFFFF\u00bb button_font=\u00bbMontserrat||||||||\u00bb button_icon=\u00bb&#x24;||divi||400&#8243; global_colors_info=\u00bb{}\u00bb][\/et_pb_button][\/et_pb_column][et_pb_column type=\u00bb1_2&#8243; _builder_version=\u00bb4.16&#8243; custom_padding=\u00bb|||\u00bb global_colors_info=\u00bb{}\u00bb custom_padding__hover=\u00bb|||\u00bb][et_pb_image src=\u00bbhttps:\/\/akademie-studium.com\/wp-content\/uploads\/2024\/09\/BvB.jpg\u00bb title_text=\u00bbBvB\u00bb force_fullwidth=\u00bbon\u00bb align_tablet=\u00bbcenter\u00bb align_phone=\u00bbcenter\u00bb align_last_edited=\u00bbon|desktop\u00bb _builder_version=\u00bb4.27.4&#8243; animation_style=\u00bbzoom\u00bb animation_direction=\u00bbleft\u00bb animation_intensity_zoom=\u00bb20%\u00bb hover_enabled=\u00bb0&#8243; global_colors_info=\u00bb{}\u00bb custom_margin_last_edited=\u00bbon|phone\u00bb sticky_enabled=\u00bb0&#8243; custom_margin_tablet=\u00bb50px||-15px||false|false\u00bb custom_margin_phone=\u00bb||-50px||false|false\u00bb min_height_last_edited=\u00bbon|desktop\u00bb min_height_phone=\u00bb276px\u00bb min_height=\u00bb420px\u00bb min_height_tablet=\u00bb420px\u00bb][\/et_pb_image][\/et_pb_column][\/et_pb_row][\/et_pb_section][et_pb_section fb_built=\u00bb1&#8243; specialty=\u00bbon\u00bb padding_top_2=\u00bb0px\u00bb admin_label=\u00bbCourse Chapters\u00bb _builder_version=\u00bb4.16&#8243; custom_margin=\u00bb|||\u00bb custom_padding=\u00bb0px||120px|\u00bb global_colors_info=\u00bb{}\u00bb][et_pb_column type=\u00bb2_3&#8243; specialty_columns=\u00bb2&#8243; _builder_version=\u00bb4.16&#8243; custom_padding=\u00bb|||\u00bb global_colors_info=\u00bb{}\u00bb parallax__hover=\u00bboff\u00bb parallax_method__hover=\u00bbon\u00bb custom_padding__hover=\u00bb|||\u00bb][et_pb_row_inner use_custom_gutter=\u00bbon\u00bb gutter_width=\u00bb4&#8243; _builder_version=\u00bb4.27.4&#8243; custom_margin=\u00bb-80px||0px||false|false\u00bb custom_padding=\u00bb0px|||\u00bb hover_enabled=\u00bb0&#8243; global_colors_info=\u00bb{}\u00bb max_height=\u00bb1052px\u00bb sticky_enabled=\u00bb0&#8243;][et_pb_column_inner saved_specialty_column_type=\u00bb2_3&#8243; _builder_version=\u00bb4.16&#8243; custom_padding=\u00bb|||\u00bb global_colors_info=\u00bb{}\u00bb parallax__hover=\u00bboff\u00bb parallax_method__hover=\u00bbon\u00bb custom_padding__hover=\u00bb|||\u00bb][et_pb_blurb title=\u00bbMercado Laboral Alem\u00e1n\u00bb image=\u00bbhttps:\/\/akademie-studium.com\/wp-content\/uploads\/2024\/09\/coding-icon_4.jpg\u00bb icon_placement=\u00bbleft\u00bb image_icon_width=\u00bb64px\u00bb content_max_width=\u00bb1100px\u00bb admin_label=\u00bbChapter\u00bb _builder_version=\u00bb4.27.4&#8243; header_font=\u00bb|on|||\u00bb header_text_color=\u00bb#2e2545&#8243; header_line_height=\u00bb1.5em\u00bb body_text_color=\u00bb#8585bd\u00bb body_font_size=\u00bb16px\u00bb body_line_height=\u00bb2em\u00bb background_color=\u00bb#ffffff\u00bb custom_margin=\u00bb|||\u00bb custom_padding=\u00bb30px|30px|30px|30px|false|true\u00bb animation_style=\u00bbzoom\u00bb animation_direction=\u00bbbottom\u00bb animation_intensity_zoom=\u00bb20%\u00bb animation_starting_opacity=\u00bb100%\u00bb link_option_url=\u00bbhttps:\/\/akademie-studium.com\/mercado-laboral\/\u00bb hover_enabled=\u00bb0&#8243; box_shadow_style=\u00bbpreset2&#8243; box_shadow_horizontal=\u00bb0px\u00bb box_shadow_vertical=\u00bb0px\u00bb box_shadow_blur=\u00bb60px\u00bb box_shadow_color=\u00bbrgba(71,74,182,0.12)\u00bb image_max_width=\u00bb64px\u00bb locked=\u00bboff\u00bb global_colors_info=\u00bb{}\u00bb custom_padding_last_edited=\u00bbon|phone\u00bb sticky_enabled=\u00bb0&#8243; custom_padding_phone=\u00bb|15px||15px|false|true\u00bb custom_padding_tablet=\u00bb30px|30px|30px|30px|false|true\u00bb]<p>Contenido:<\/p>\n<ul>\n<li>Vivir y trabajar en Alemania<\/li>\n<li>Integraci\u00f3n y migraci\u00f3n<\/li>\n<li>Formaci\u00f3n profesional<\/li>\n<li>Ofertas de empleo<\/li>\n<li>Seguro m\u00e9dico<\/li>\n<\/ul>\n<p><strong>40 Horas<br \/><\/strong><\/p>[\/et_pb_blurb][et_pb_blurb title=\u00bbEstructura Empresarial \u00bb image=\u00bbhttps:\/\/akademie-studium.com\/wp-content\/uploads\/2024\/10\/coding-icon_12.jpg\u00bb icon_placement=\u00bbleft\u00bb image_icon_width=\u00bb64px\u00bb content_max_width=\u00bb1100px\u00bb admin_label=\u00bbChapter\u00bb _builder_version=\u00bb4.27.4&#8243; header_font=\u00bb|on|||\u00bb header_text_color=\u00bb#2e2545&#8243; header_line_height=\u00bb1.5em\u00bb body_text_color=\u00bb#8585bd\u00bb body_font_size=\u00bb16px\u00bb body_line_height=\u00bb2em\u00bb background_color=\u00bb#ffffff\u00bb custom_margin=\u00bb|||\u00bb custom_padding=\u00bb30px|30px|30px|30px|false|true\u00bb animation_style=\u00bbzoom\u00bb animation_direction=\u00bbbottom\u00bb animation_intensity_zoom=\u00bb20%\u00bb animation_starting_opacity=\u00bb100%\u00bb link_option_url=\u00bbhttps:\/\/akademie-studium.com\/estructura-de-empresa\/\u00bb hover_enabled=\u00bb0&#8243; box_shadow_style=\u00bbpreset2&#8243; box_shadow_horizontal=\u00bb0px\u00bb box_shadow_vertical=\u00bb0px\u00bb box_shadow_blur=\u00bb60px\u00bb box_shadow_color=\u00bbrgba(71,74,182,0.12)\u00bb image_max_width=\u00bb64px\u00bb locked=\u00bboff\u00bb global_colors_info=\u00bb{}\u00bb custom_padding_last_edited=\u00bbon|phone\u00bb sticky_enabled=\u00bb0&#8243; custom_padding_phone=\u00bb|15px||15px|false|true\u00bb custom_padding_tablet=\u00bb30px|30px|30px|30px|false|true\u00bb]<p>Contenido:<\/p>\n<ul>\n<li>Estructura empresarial<\/li>\n<li>Organizaci\u00f3n de empresas<\/li>\n<li>Filiales, afiliadas y franquicias<\/li>\n<li>Procesos y operaciones estrat\u00e9gicas<\/li>\n<li>Recursos de la empresa<\/li>\n<li>An\u00e1lisis empresarial<\/li>\n<\/ul>\n<p><strong>40 Horas<br \/><\/strong><\/p>[\/et_pb_blurb][et_pb_blurb title=\u00bbDesarrollo Profesional\u00bb image=\u00bbhttps:\/\/akademie-studium.com\/wp-content\/uploads\/2024\/10\/coding-icon_12.jpg\u00bb icon_placement=\u00bbleft\u00bb image_icon_width=\u00bb64px\u00bb content_max_width=\u00bb1100px\u00bb admin_label=\u00bbChapter\u00bb _builder_version=\u00bb4.27.4&#8243; header_font=\u00bb|on|||\u00bb header_text_color=\u00bb#2e2545&#8243; header_line_height=\u00bb1.5em\u00bb body_text_color=\u00bb#8585bd\u00bb body_font_size=\u00bb16px\u00bb body_line_height=\u00bb2em\u00bb background_color=\u00bb#ffffff\u00bb custom_margin=\u00bb|||\u00bb custom_padding=\u00bb30px|30px|30px|30px|false|true\u00bb animation_style=\u00bbzoom\u00bb animation_direction=\u00bbbottom\u00bb animation_intensity_zoom=\u00bb20%\u00bb animation_starting_opacity=\u00bb100%\u00bb link_option_url=\u00bbhttps:\/\/akademie-studium.com\/desarrollo-profesional\/\u00bb hover_enabled=\u00bb0&#8243; box_shadow_style=\u00bbpreset2&#8243; box_shadow_horizontal=\u00bb0px\u00bb box_shadow_vertical=\u00bb0px\u00bb box_shadow_blur=\u00bb60px\u00bb box_shadow_color=\u00bbrgba(71,74,182,0.12)\u00bb image_max_width=\u00bb64px\u00bb locked=\u00bboff\u00bb global_colors_info=\u00bb{}\u00bb custom_padding_last_edited=\u00bbon|phone\u00bb sticky_enabled=\u00bb0&#8243; custom_padding_phone=\u00bb|15px||15px|false|true\u00bb custom_padding_tablet=\u00bb30px|30px|30px|30px|false|true\u00bb]<p>Contenido:<\/p>\n<ul>\n<li>An\u00e1lisis de necesidades<\/li>\n<li>Elecci\u00f3n de la carrera\/profesi\u00f3n<\/li>\n<li>Evaluaci\u00f3n de habilidades y fortalezas<\/li>\n<li>Elaboraci\u00f3n de un plan estrat\u00e9gico de desarrollo profesional<\/li>\n<li>Desarrollo de pr\u00e1cticas<\/li>\n<li>Examen de certificaci\u00f3n<\/li>\n<\/ul>\n<p><strong>40 Horas<br \/><\/strong><\/p>[\/et_pb_blurb][et_pb_blurb title=\u00bbElecci\u00f3n de Carrera Profesional\u00bb image=\u00bbhttps:\/\/akademie-studium.com\/wp-content\/uploads\/2024\/10\/coding-icon_12.jpg\u00bb icon_placement=\u00bbleft\u00bb image_icon_width=\u00bb64px\u00bb content_max_width=\u00bb1100px\u00bb admin_label=\u00bbChapter\u00bb _builder_version=\u00bb4.27.4&#8243; header_font=\u00bb|on|||\u00bb header_text_color=\u00bb#2e2545&#8243; header_line_height=\u00bb1.5em\u00bb body_text_color=\u00bb#8585bd\u00bb body_font_size=\u00bb16px\u00bb body_line_height=\u00bb2em\u00bb background_color=\u00bb#ffffff\u00bb custom_margin=\u00bb|||\u00bb custom_padding=\u00bb30px|30px|30px|30px|false|true\u00bb animation_style=\u00bbzoom\u00bb animation_direction=\u00bbbottom\u00bb animation_intensity_zoom=\u00bb20%\u00bb animation_starting_opacity=\u00bb100%\u00bb link_option_url=\u00bbhttps:\/\/akademie-studium.com\/eleccion-de-carrera\/\u00bb hover_enabled=\u00bb0&#8243; box_shadow_style=\u00bbpreset2&#8243; box_shadow_horizontal=\u00bb0px\u00bb box_shadow_vertical=\u00bb0px\u00bb box_shadow_blur=\u00bb60px\u00bb box_shadow_color=\u00bbrgba(71,74,182,0.12)\u00bb image_max_width=\u00bb64px\u00bb locked=\u00bboff\u00bb global_colors_info=\u00bb{}\u00bb custom_padding_last_edited=\u00bbon|phone\u00bb sticky_enabled=\u00bb0&#8243; custom_padding_phone=\u00bb|15px||15px|false|true\u00bb custom_padding_tablet=\u00bb30px|30px|30px|30px|false|true\u00bb]<p>Contenido:<\/p>\n<ul>\n<li>Recopilaci\u00f3n de informaci\u00f3n<\/li>\n<li>Registro e inicio de la formaci\u00f3n<\/li>\n<li>Ingresos y seguros<\/li>\n<li>Elegir y postular a una oferta laboral<\/li>\n<li>Firma del contrato laboral<\/li>\n<li>Ventajas y desventajas en tu \u00e1mbito laboral<\/li>\n<\/ul>\n<p><strong><\/strong><\/p>\n<p><strong>40 Horas<br \/><\/strong><\/p>[\/et_pb_blurb][et_pb_button button_url=\u00bbhttps:\/\/akademie-studium.com\/formacion-profesional\/\u00bb button_text=\u00bbRegresar a todos los cursos\u00bb button_alignment=\u00bbleft\u00bb _builder_version=\u00bb4.27.4&#8243; custom_button=\u00bbon\u00bb button_text_size=\u00bb16px\u00bb button_text_color=\u00bb#FFFFFF\u00bb button_bg_color=\u00bbrgba(46,127,193,0.83)\u00bb button_border_width=\u00bb0px\u00bb button_border_color=\u00bbrgba(46,127,193,0.83)\u00bb button_border_radius=\u00bb25px\u00bb button_letter_spacing=\u00bb1px\u00bb button_font=\u00bbMontserrat|600||on|||||\u00bb button_icon=\u00bb&#x44;||divi||400&#8243; button_icon_placement=\u00bbleft\u00bb button_on_hover=\u00bboff\u00bb custom_margin=\u00bb50px||0px||false|false\u00bb animation_style=\u00bbzoom\u00bb animation_delay=\u00bb100ms\u00bb animation_intensity_zoom=\u00bb6%\u00bb hover_enabled=\u00bb0&#8243; box_shadow_style=\u00bbpreset1&#8243; box_shadow_vertical=\u00bb10px\u00bb box_shadow_blur=\u00bb50px\u00bb box_shadow_spread=\u00bb5px\u00bb box_shadow_color=\u00bbRGBA(255,255,255,0)\u00bb button_letter_spacing_hover=\u00bb2px\u00bb saved_tabs=\u00bball\u00bb locked=\u00bboff\u00bb global_colors_info=\u00bb{}\u00bb button_text_size__hover_enabled=\u00bboff\u00bb button_text_size__hover=\u00bbnull\u00bb button_one_text_size__hover_enabled=\u00bboff\u00bb button_one_text_size__hover=\u00bbnull\u00bb button_two_text_size__hover_enabled=\u00bboff\u00bb button_two_text_size__hover=\u00bbnull\u00bb button_text_color__hover_enabled=\u00bboff\u00bb button_text_color__hover=\u00bbnull\u00bb button_one_text_color__hover_enabled=\u00bboff\u00bb button_one_text_color__hover=\u00bbnull\u00bb button_two_text_color__hover_enabled=\u00bboff\u00bb button_two_text_color__hover=\u00bbnull\u00bb button_border_width__hover_enabled=\u00bboff\u00bb button_border_width__hover=\u00bbnull\u00bb button_one_border_width__hover_enabled=\u00bboff\u00bb button_one_border_width__hover=\u00bbnull\u00bb button_two_border_width__hover_enabled=\u00bboff\u00bb button_two_border_width__hover=\u00bbnull\u00bb button_border_color__hover_enabled=\u00bboff\u00bb button_border_color__hover=\u00bbnull\u00bb button_one_border_color__hover_enabled=\u00bboff\u00bb button_one_border_color__hover=\u00bbnull\u00bb button_two_border_color__hover_enabled=\u00bboff\u00bb button_two_border_color__hover=\u00bbnull\u00bb button_border_radius__hover_enabled=\u00bboff\u00bb button_border_radius__hover=\u00bbnull\u00bb button_one_border_radius__hover_enabled=\u00bboff\u00bb button_one_border_radius__hover=\u00bbnull\u00bb button_two_border_radius__hover_enabled=\u00bboff\u00bb button_two_border_radius__hover=\u00bbnull\u00bb button_letter_spacing__hover_enabled=\u00bbon\u00bb button_letter_spacing__hover=\u00bb2px\u00bb button_one_letter_spacing__hover_enabled=\u00bboff\u00bb button_one_letter_spacing__hover=\u00bbnull\u00bb button_two_letter_spacing__hover_enabled=\u00bboff\u00bb button_two_letter_spacing__hover=\u00bbnull\u00bb button_bg_color__hover_enabled=\u00bboff\u00bb button_bg_color__hover=\u00bbnull\u00bb button_one_bg_color__hover_enabled=\u00bboff\u00bb button_one_bg_color__hover=\u00bbnull\u00bb button_two_bg_color__hover_enabled=\u00bboff\u00bb button_two_bg_color__hover=\u00bbnull\u00bb button_text_size_last_edited=\u00bbon|desktop\u00bb sticky_enabled=\u00bb0&#8243; button_text_size_phone=\u00bb14px\u00bb button_text_size_tablet=\u00bb15px\u00bb custom_margin_last_edited=\u00bbon|phone\u00bb custom_margin_tablet=\u00bb||70px||false|false\u00bb custom_margin_phone=\u00bb||70px||false|false\u00bb][\/et_pb_button][\/et_pb_column_inner][\/et_pb_row_inner][\/et_pb_column][et_pb_column type=\u00bb1_3&#8243; _builder_version=\u00bb4.16&#8243; custom_padding=\u00bb|||\u00bb global_colors_info=\u00bb{}\u00bb padding_top__hover=\u00bb0px\u00bb parallax__hover=\u00bboff\u00bb parallax_method__hover=\u00bbon\u00bb custom_padding__hover=\u00bb|||\u00bb][et_pb_blurb title=\u00bbEquipo docente\u00bb url=\u00bb#\u00bb image_icon_width=\u00bb100px\u00bb admin_label=\u00bbInstructor\u00bb _builder_version=\u00bb4.27.4&#8243; header_level=\u00bbh5&#8243; header_font=\u00bb|700|||||||\u00bb header_text_color=\u00bb#544c99&#8243; header_font_size=\u00bb21px\u00bb header_line_height=\u00bb1.5em\u00bb body_font=\u00bb||||||||\u00bb body_text_color=\u00bb#8585bd\u00bb body_font_size=\u00bb15px\u00bb body_line_height=\u00bb1.9em\u00bb background_color=\u00bb#ffffff\u00bb text_orientation=\u00bbcenter\u00bb custom_margin=\u00bb-80px||-50px||false|false\u00bb custom_padding=\u00bb30px|35px|30px|35px|false|true\u00bb animation_style=\u00bbzoom\u00bb animation_direction=\u00bbbottom\u00bb animation_intensity_zoom=\u00bb20%\u00bb animation_starting_opacity=\u00bb100%\u00bb hover_enabled=\u00bb0&#8243; box_shadow_style=\u00bbpreset1&#8243; box_shadow_vertical=\u00bb0px\u00bb box_shadow_blur=\u00bb60px\u00bb box_shadow_color=\u00bbrgba(71,74,182,0.12)\u00bb image_max_width=\u00bb100px\u00bb global_colors_info=\u00bb{}\u00bb content_last_edited=\u00bbon|phone\u00bb sticky_enabled=\u00bb0&#8243; custom_padding_last_edited=\u00bbon|desktop\u00bb custom_padding_phone=\u00bb30px|25px|30px|25px|false|true\u00bb custom_padding_tablet=\u00bb|20px||20px|false|true\u00bb content_tablet=\u00bb<p style=%22text-align: center;%22>En Akademie-Studium contamos con un equipo altamente cualificado y preparado para guiarte, acompa\u00f1arte y transmitirte todo el conocimiento necesario para que elijas la formaci\u00f3n profesional m\u00e1s adecuada para ti.<\/p>\u00bb content_phone=\u00bb<p style=%22text-align: center;%22>En Akademie-Studium contamos con un equipo altamente cualificado y preparado para guiarte, acompa\u00f1arte y transmitirte todo el conocimiento necesario para que elijas la formaci\u00f3n profesional m\u00e1s adecuada para ti.<\/p>\u00ab]<p style=\"text-align: center;\">En Akademie-Studium contamos con un equipo altamente cualificado y preparado para guiarte, acompa\u00f1arte y transmitirte todo el conocimiento necesario para que elijas la formaci\u00f3n profesional m\u00e1s adecuada para ti.<\/p>[\/et_pb_blurb][\/et_pb_column][\/et_pb_section]\n","protected":false},"excerpt":{"rendered":"<p>Orientaci\u00f3n Profesional Duraci\u00f3n: 4 Semanas \u00a0El mercado laboral actual es cada vez m\u00e1s complejo y exigente. En Akademie-Studium somos conscientes de ello y estamos preparados y formados para darte la mejor orientaci\u00f3n. Nuestra labor y deseo es que puedas hacer la mejor elecci\u00f3n para tu futuro profesional.Contenido: Vivir y trabajar en Alemania Integraci\u00f3n y migraci\u00f3n [&hellip;]<\/p>\n","protected":false},"author":1,"featured_media":0,"parent":0,"menu_order":0,"comment_status":"closed","ping_status":"closed","template":"","meta":{"_et_pb_use_builder":"on","_et_pb_old_content":"","_et_gb_content_width":"","footnotes":""},"class_list":["post-292","page","type-page","status-publish","hentry"],"_links":{"self":[{"href":"https:\/\/akademie-studium.com\/es\/wp-json\/wp\/v2\/pages\/292","targetHints":{"allow":["GET"]}}],"collection":[{"href":"https:\/\/akademie-studium.com\/es\/wp-json\/wp\/v2\/pages"}],"about":[{"href":"https:\/\/akademie-studium.com\/es\/wp-json\/wp\/v2\/types\/page"}],"author":[{"embeddable":true,"href":"https:\/\/akademie-studium.com\/es\/wp-json\/wp\/v2\/users\/1"}],"replies":[{"embeddable":true,"href":"https:\/\/akademie-studium.com\/es\/wp-json\/wp\/v2\/comments?post=292"}],"version-history":[{"count":25,"href":"https:\/\/akademie-studium.com\/es\/wp-json\/wp\/v2\/pages\/292\/revisions"}],"predecessor-version":[{"id":1817,"href":"https:\/\/akademie-studium.com\/es\/wp-json\/wp\/v2\/pages\/292\/revisions\/1817"}],"wp:attachment":[{"href":"https:\/\/akademie-studium.com\/es\/wp-json\/wp\/v2\/media?parent=292"}],"curies":[{"name":"wp","href":"https:\/\/api.w.org\/{rel}","templated":true}]}}