{"id":300,"date":"2024-10-24T20:08:40","date_gmt":"2024-10-24T20:08:40","guid":{"rendered":"https:\/\/akademie-studium.com\/?page_id=300"},"modified":"2025-01-26T18:52:36","modified_gmt":"2025-01-26T18:52:36","slug":"a1-introduccion","status":"publish","type":"page","link":"https:\/\/akademie-studium.com\/es\/curso-de-aleman-a1-c1\/a1-introduccion\/","title":{"rendered":"Niveles A1-A2"},"content":{"rendered":"<div class=\"swpm-post-not-logged-in-msg\">Debes acceder para ver \u00e9ste contenido. Por favor <a class=\"swpm-login-link\" href=\"https:\/\/akademie-studium.com\/membership-login\/\">Acceder<\/a>. \u00bfA\u00fan no eres miembro? <a href=\"https:\/\/akademie-studium.com\/membership-join\/\">\u00danete a nosotros<\/a><\/div>","protected":false},"excerpt":{"rendered":"<p>Cursos de Alem\u00e1n 12 LECCIONESCon nosotros lograr\u00e1s comunicarte de forma \u00f3ptima en alem\u00e1n tanto en tu vida privada como en tu \u00e1mbito profesional.Con nosotros lograr\u00e1s comunicarte de forma \u00f3ptima en alem\u00e1n tanto en tu vida privada como en tu \u00e1mbito profesional.Instructor &nbsp;<\/p>\n","protected":false},"author":1,"featured_media":0,"parent":282,"menu_order":0,"comment_status":"closed","ping_status":"closed","template":"","meta":{"_et_pb_use_builder":"on","_et_pb_old_content":"","_et_gb_content_width":"","footnotes":""},"class_list":["post-300","page","type-page","status-publish","hentry"],"_links":{"self":[{"href":"https:\/\/akademie-studium.com\/es\/wp-json\/wp\/v2\/pages\/300","targetHints":{"allow":["GET"]}}],"collection":[{"href":"https:\/\/akademie-studium.com\/es\/wp-json\/wp\/v2\/pages"}],"about":[{"href":"https:\/\/akademie-studium.com\/es\/wp-json\/wp\/v2\/types\/page"}],"author":[{"embeddable":true,"href":"https:\/\/akademie-studium.com\/es\/wp-json\/wp\/v2\/users\/1"}],"replies":[{"embeddable":true,"href":"https:\/\/akademie-studium.com\/es\/wp-json\/wp\/v2\/comments?post=300"}],"version-history":[{"count":9,"href":"https:\/\/akademie-studium.com\/es\/wp-json\/wp\/v2\/pages\/300\/revisions"}],"predecessor-version":[{"id":1372,"href":"https:\/\/akademie-studium.com\/es\/wp-json\/wp\/v2\/pages\/300\/revisions\/1372"}],"up":[{"embeddable":true,"href":"https:\/\/akademie-studium.com\/es\/wp-json\/wp\/v2\/pages\/282"}],"wp:attachment":[{"href":"https:\/\/akademie-studium.com\/es\/wp-json\/wp\/v2\/media?parent=300"}],"curies":[{"name":"wp","href":"https:\/\/api.w.org\/{rel}","templated":true}]}}