{"id":304,"date":"2024-10-24T20:17:25","date_gmt":"2024-10-24T20:17:25","guid":{"rendered":"https:\/\/akademie-studium.com\/?page_id=304"},"modified":"2025-01-26T19:12:04","modified_gmt":"2025-01-26T19:12:04","slug":"e-negocios-introduccion","status":"publish","type":"page","link":"https:\/\/akademie-studium.com\/es\/espanol-para-negocios\/e-negocios-introduccion\/","title":{"rendered":"Comunicaci\u00f3n y Correspondencia"},"content":{"rendered":"<div class=\"swpm-post-not-logged-in-msg\">Debes acceder para ver \u00e9ste contenido. Por favor <a class=\"swpm-login-link\" href=\"https:\/\/akademie-studium.com\/membership-login\/\">Acceder<\/a>. \u00bfA\u00fan no eres miembro? <a href=\"https:\/\/akademie-studium.com\/membership-join\/\">\u00danete a nosotros<\/a><\/div>","protected":false},"excerpt":{"rendered":"<p>Espa\u00f1ol para Negocios 12 LECCIONESAprende con nosotros a manejarte en espa\u00f1ol en el mundo de los negocios y lleva a otro nivel tu \u00e1mbito profesional.Aprende con nosotros a manejarte en espa\u00f1ol en el mundo de los negocios y lleva a otro nivel tu \u00e1mbito profesional.Instructor &nbsp;<\/p>\n","protected":false},"author":1,"featured_media":0,"parent":284,"menu_order":0,"comment_status":"closed","ping_status":"closed","template":"","meta":{"_et_pb_use_builder":"on","_et_pb_old_content":"","_et_gb_content_width":"","footnotes":""},"class_list":["post-304","page","type-page","status-publish","hentry"],"_links":{"self":[{"href":"https:\/\/akademie-studium.com\/es\/wp-json\/wp\/v2\/pages\/304","targetHints":{"allow":["GET"]}}],"collection":[{"href":"https:\/\/akademie-studium.com\/es\/wp-json\/wp\/v2\/pages"}],"about":[{"href":"https:\/\/akademie-studium.com\/es\/wp-json\/wp\/v2\/types\/page"}],"author":[{"embeddable":true,"href":"https:\/\/akademie-studium.com\/es\/wp-json\/wp\/v2\/users\/1"}],"replies":[{"embeddable":true,"href":"https:\/\/akademie-studium.com\/es\/wp-json\/wp\/v2\/comments?post=304"}],"version-history":[{"count":11,"href":"https:\/\/akademie-studium.com\/es\/wp-json\/wp\/v2\/pages\/304\/revisions"}],"predecessor-version":[{"id":1389,"href":"https:\/\/akademie-studium.com\/es\/wp-json\/wp\/v2\/pages\/304\/revisions\/1389"}],"up":[{"embeddable":true,"href":"https:\/\/akademie-studium.com\/es\/wp-json\/wp\/v2\/pages\/284"}],"wp:attachment":[{"href":"https:\/\/akademie-studium.com\/es\/wp-json\/wp\/v2\/media?parent=304"}],"curies":[{"name":"wp","href":"https:\/\/api.w.org\/{rel}","templated":true}]}}