{"id":322,"date":"2024-10-25T06:37:50","date_gmt":"2024-10-25T06:37:50","guid":{"rendered":"https:\/\/akademie-studium.com\/?page_id=322"},"modified":"2025-01-27T12:18:03","modified_gmt":"2025-01-27T12:18:03","slug":"formacion-profesional","status":"publish","type":"page","link":"https:\/\/akademie-studium.com\/es\/formacion-profesional\/","title":{"rendered":"Formaci\u00f3n Profesional"},"content":{"rendered":"<p>[et_pb_section fb_built=\u00bb1&#8243; admin_label=\u00bbCourses Hero\u00bb _builder_version=\u00bb4.27.4&#8243; background_color=\u00bbrgba(46,127,193,0.83)\u00bb background_enable_image=\u00bboff\u00bb background_blend=\u00bboverlay\u00bb custom_padding=\u00bb100px|0px|131px|0px|false|false\u00bb animation_style=\u00bbslide\u00bb animation_direction=\u00bbtop\u00bb animation_intensity_slide=\u00bb2%\u00bb locked=\u00bboff\u00bb global_colors_info=\u00bb{}\u00bb][et_pb_row _builder_version=\u00bb4.27.2&#8243; background_size=\u00bbinitial\u00bb background_position=\u00bbtop_left\u00bb background_repeat=\u00bbrepeat\u00bb custom_margin=\u00bb|||\u00bb custom_width_px=\u00bb1280px\u00bb global_colors_info=\u00bb{}\u00bb][et_pb_column type=\u00bb4_4&#8243; _builder_version=\u00bb4.16&#8243; custom_padding=\u00bb|||\u00bb global_colors_info=\u00bb{}\u00bb custom_padding__hover=\u00bb|||\u00bb][et_pb_text _builder_version=\u00bb4.27.4&#8243; text_font=\u00bbMontserrat|500|||||||\u00bb header_font=\u00bb|on|||\u00bb header_font_size=\u00bb41px\u00bb header_line_height=\u00bb1.3em\u00bb header_2_font=\u00bbMontserrat|500|||||||\u00bb header_2_font_size=\u00bb44px\u00bb background_size=\u00bbinitial\u00bb background_position=\u00bbtop_left\u00bb background_repeat=\u00bbrepeat\u00bb text_orientation=\u00bbcenter\u00bb background_layout=\u00bbdark\u00bb max_width=\u00bb530px\u00bb module_alignment=\u00bbcenter\u00bb custom_padding=\u00bb|||30px|false|false\u00bb hover_enabled=\u00bb0&#8243; header_font_size_tablet=\u00bb40px\u00bb header_font_size_phone=\u00bb38px\u00bb header_font_size_last_edited=\u00bbon|tablet\u00bb locked=\u00bboff\u00bb global_colors_info=\u00bb{}\u00bb custom_margin_last_edited=\u00bbon|phone\u00bb sticky_enabled=\u00bb0&#8243; custom_margin_phone=\u00bb-47px||||false|false\u00bb custom_margin_tablet=\u00bb-33px||||false|false\u00bb header_2_text_align=\u00bbcenter\u00bb header_2_font_size_last_edited=\u00bbon|tablet\u00bb header_2_text_align_last_edited=\u00bbon|desktop\u00bb header_2_font_size_phone=\u00bb44px\u00bb custom_padding_last_edited=\u00bbon|desktop\u00bb custom_padding_phone=\u00bb|||6px|false|false\u00bb header_2_font_size_tablet=\u00bb44px\u00bb header_2_text_align_tablet=\u00bbcenter\u00bb header_2_text_align_phone=\u00bbcenter\u00bb custom_padding_tablet=\u00bb|||30px|false|false\u00bb]<\/p>\n<h2>NUESTROS CURSOS<\/h2>\n<p>[\/et_pb_text][et_pb_text _builder_version=\u00bb4.27.4&#8243; text_font=\u00bbMontserrat|500|||||||\u00bb text_text_color=\u00bb#FFFFFF\u00bb text_font_size=\u00bb18px\u00bb text_line_height=\u00bb1.9em\u00bb header_font_size=\u00bb32px\u00bb background_size=\u00bbinitial\u00bb background_position=\u00bbtop_left\u00bb background_repeat=\u00bbrepeat\u00bb text_orientation=\u00bbcenter\u00bb max_width=\u00bb961px\u00bb module_alignment=\u00bbcenter\u00bb custom_margin=\u00bb||-5px||false|false\u00bb hover_enabled=\u00bb0&#8243; border_radii=\u00bbon|0px|0px|0px|0px\u00bb locked=\u00bboff\u00bb global_colors_info=\u00bb{}\u00bb sticky_enabled=\u00bb0&#8243; width=\u00bb72%\u00bb width_last_edited=\u00bbon|phone\u00bb width_tablet=\u00bb107%\u00bb width_phone=\u00bb115%\u00bb custom_padding=\u00bb|||86px|false|false\u00bb custom_padding_last_edited=\u00bbon|desktop\u00bb custom_padding_phone=\u00bb|29px||0px|false|false\u00bb module_alignment_last_edited=\u00bbon|desktop\u00bb module_alignment_tablet=\u00bbcenter\u00bb custom_padding_tablet=\u00bb|||0px|false|false\u00bb custom_margin_last_edited=\u00bbon|desktop\u00bb custom_margin_tablet=\u00bb4px||||false|false\u00bb module_alignment_phone=\u00bbcenter\u00bb custom_margin_phone=\u00bb4px||||false|false\u00bb]<\/p>\n<p style=\"text-align: center;\">Para que logres un mejor desempe\u00f1o profesional, unimos formaci\u00f3n y convenios con empresas para que inicies o desarrolles tu carrera laboral.<\/p>\n<p>[\/et_pb_text][\/et_pb_column][\/et_pb_row][\/et_pb_section][et_pb_section fb_built=\u00bb1&#8243; admin_label=\u00bbCourses\u00bb _builder_version=\u00bb4.27.4&#8243; custom_margin=\u00bb||-47px||false|false\u00bb custom_padding=\u00bb0px|0px|19px|0px|false|false\u00bb global_colors_info=\u00bb{}\u00bb][et_pb_row column_structure=\u00bb1_2,1_2&#8243; _builder_version=\u00bb4.16&#8243; background_size=\u00bbinitial\u00bb background_position=\u00bbtop_left\u00bb background_repeat=\u00bbrepeat\u00bb custom_margin=\u00bb|||\u00bb custom_padding=\u00bb0px|0px|27px|0px\u00bb global_colors_info=\u00bb{}\u00bb][et_pb_column type=\u00bb1_2&#8243; _builder_version=\u00bb4.16&#8243; custom_padding=\u00bb|||\u00bb global_colors_info=\u00bb{}\u00bb custom_padding__hover=\u00bb|||\u00bb][et_pb_blurb title=\u00bb Especialista en Gesti\u00f3n de Compras y Servicios\u00bb url=\u00bbhttps:\/\/akademie-studium.com\/gestion-de-compras-y-servicios\/\u00bb image=\u00bbhttps:\/\/akademie-studium.com\/wp-content\/uploads\/2024\/09\/coding-icon_8.jpg\u00bb icon_placement=\u00bbleft\u00bb content_max_width=\u00bb1100px\u00bb _builder_version=\u00bb4.27.4&#8243; header_font=\u00bb|on|||\u00bb header_text_color=\u00bbrgba(46,127,193,0.83)\u00bb header_line_height=\u00bb1.5em\u00bb body_text_color=\u00bb#8585bd\u00bb body_font_size=\u00bb16px\u00bb body_line_height=\u00bb1.9em\u00bb background_color=\u00bb#ffffff\u00bb background_size=\u00bbinitial\u00bb background_position=\u00bbtop_left\u00bb background_repeat=\u00bbrepeat\u00bb custom_margin=\u00bb-80px||10%|\u00bb custom_padding=\u00bb30px|30px|30px|30px|false|false\u00bb animation_style=\u00bbzoom\u00bb animation_direction=\u00bbbottom\u00bb animation_intensity_zoom=\u00bb20%\u00bb animation_starting_opacity=\u00bb100%\u00bb link_option_url=\u00bbhttps:\/\/akademie-studium.com\/gestion-de-compras-y-servicios\/\u00bb hover_enabled=\u00bb0&#8243; box_shadow_style=\u00bbpreset2&#8243; box_shadow_horizontal=\u00bb0px\u00bb box_shadow_vertical=\u00bb0px\u00bb box_shadow_blur=\u00bb60px\u00bb box_shadow_color=\u00bbrgba(71,74,182,0.12)\u00bb locked=\u00bboff\u00bb global_colors_info=\u00bb{}\u00bb custom_padding_last_edited=\u00bbon|tablet\u00bb sticky_enabled=\u00bb0&#8243; custom_padding_tablet=\u00bb|32px|||false|false\u00bb custom_padding_phone=\u00bb|||10px|false|false\u00bb]<\/p>\n<p>Con nuestra certificaci\u00f3n como especialista en gesti\u00f3n de compras y servicios podr\u00e1s realizar gestiones de responsabilidad en una empresa tal como planificar, organizar y controlar procesos de compra de mercancias, bienes y servicios, as\u00ed como negociar con proveedores y cierre de contratos.<\/p>\n<p>Contenido:<\/p>\n<ul>\n<li>An\u00e1lisis y determinaci\u00f3n de necesidades<\/li>\n<li>Gesti\u00f3n de pedidos internos y externos de materiales y servicios<\/li>\n<li>Implementaci\u00f3n y desarrollo de estrategias de compras<\/li>\n<li>Elecci\u00f3n de proveedores, an\u00e1lisis de riesgos y controles de calidad<\/li>\n<li>Desarrollo de procesos de compra y abastecimiento<\/li>\n<li>Control de procesos de compra<\/li>\n<li>Contacto y comunicaci\u00f3n con\u00a0 proveedores.<\/li>\n<\/ul>\n<p>&nbsp;<\/p>\n<p><strong><span style=\"color: #666699;\">6 M\u00f3dulos<\/span><br \/><\/strong><\/p>\n<p>[\/et_pb_blurb][et_pb_blurb title=\u00bbEspecialista en Gesti\u00f3n de Ventas y Distribuci\u00f3n\u00bb image=\u00bbhttps:\/\/akademie-studium.com\/wp-content\/uploads\/2024\/09\/coding-icon_1.jpg\u00bb icon_placement=\u00bbleft\u00bb content_max_width=\u00bb1100px\u00bb _builder_version=\u00bb4.27.4&#8243; header_font=\u00bbMontserrat|700|||||||\u00bb header_text_color=\u00bbrgba(46,127,193,0.83)\u00bb header_line_height=\u00bb1.5em\u00bb body_text_color=\u00bb#8585bd\u00bb body_font_size=\u00bb16px\u00bb body_line_height=\u00bb1.9em\u00bb background_color=\u00bb#ffffff\u00bb background_size=\u00bbinitial\u00bb background_position=\u00bbtop_left\u00bb background_repeat=\u00bbrepeat\u00bb custom_margin=\u00bb0px||10%|0px|false|false\u00bb custom_padding=\u00bb30px|30px|30px|30px|false|false\u00bb animation_style=\u00bbzoom\u00bb animation_direction=\u00bbbottom\u00bb animation_intensity_zoom=\u00bb20%\u00bb animation_starting_opacity=\u00bb100%\u00bb link_option_url=\u00bbhttps:\/\/akademie-studium.com\/gestion-de-ventas-y-distribucion\/\u00bb hover_enabled=\u00bb0&#8243; box_shadow_style=\u00bbpreset2&#8243; box_shadow_horizontal=\u00bb0px\u00bb box_shadow_vertical=\u00bb0px\u00bb box_shadow_blur=\u00bb60px\u00bb box_shadow_color=\u00bbrgba(71,74,182,0.12)\u00bb locked=\u00bboff\u00bb global_colors_info=\u00bb{}\u00bb custom_padding_last_edited=\u00bbon|phone\u00bb sticky_enabled=\u00bb0&#8243; custom_padding_phone=\u00bb|||10px|false|false\u00bb custom_padding_tablet=\u00bb30px|30px|30px|30px|false|false\u00bb]<\/p>\n<p>Con nuestro m\u00f3dulo lograr\u00e1s una certificaci\u00f3n como especialista en gesti\u00f3n de ventas de productos y servicios as\u00ed como en coordinaci\u00f3n de los canales de distribuci\u00f3n.<\/p>\n<p>Podr\u00e1s realizar gestiones tal como planificar procesos de ventas, seguimientos de pedidos as\u00ed como desarrollar los mejores criterios de atenci\u00f3n y asesoramiento a clientes. Como responsable podr\u00e1s garantizar el flujo de mercancias, bienes y servicios, as\u00ed como organizaci\u00f3n y control de procesos de\u00a0 ventas, reclamaciones y postventas.<\/p>\n<p>Contenido:<\/p>\n<ul>\n<li>Introducci\u00f3n a los procesos de ventas y distribuci\u00f3n<\/li>\n<li>Realizaci\u00f3n de estudios de mercado<\/li>\n<li>Implementaci\u00f3n\u00a0 y desarrollo de estrategias, pol\u00edticas y criterios de ventas<\/li>\n<li>Elaboraci\u00f3n y presentaci\u00f3n de 0fertas a clientes, an\u00e1lisis de riesgos y cierre de contratos<\/li>\n<li>Desarrollo de procesos de ventas y distribuci\u00f3n<\/li>\n<li>Introducci\u00f3n e importancia de la log\u00edstica<\/li>\n<li>Gesti\u00f3n y formaci\u00f3n de equipos de ventas y distribuci\u00f3n<\/li>\n<li>Comunicaci\u00f3n y asesoramiento a clientes.<\/li>\n<li>Gesti\u00f3n de los procesos de postventa.<\/li>\n<\/ul>\n<p><strong><\/strong><\/p>\n<p><strong><\/strong><\/p>\n<p><strong><span style=\"color: #666699;\">6 M\u00f3dulos<\/span><br \/><\/strong><\/p>\n<p>[\/et_pb_blurb][et_pb_blurb title=\u00bb Formaci\u00f3n para Trabajadores\u00bb image=\u00bbhttps:\/\/akademie-studium.com\/wp-content\/uploads\/2024\/09\/coding-icon_3.jpg\u00bb icon_placement=\u00bbleft\u00bb content_max_width=\u00bb1100px\u00bb _builder_version=\u00bb4.27.4&#8243; header_font=\u00bbMontserrat|700|||||||\u00bb header_text_color=\u00bbrgba(46,127,193,0.83)\u00bb header_line_height=\u00bb1.5em\u00bb body_text_color=\u00bb#8585bd\u00bb body_font_size=\u00bb16px\u00bb body_line_height=\u00bb1.9em\u00bb background_color=\u00bb#ffffff\u00bb background_size=\u00bbinitial\u00bb background_position=\u00bbtop_left\u00bb background_repeat=\u00bbrepeat\u00bb custom_margin=\u00bb||10%|\u00bb custom_padding=\u00bb30px|30px|30px|30px|false|false\u00bb animation_style=\u00bbzoom\u00bb animation_direction=\u00bbbottom\u00bb animation_intensity_zoom=\u00bb20%\u00bb animation_starting_opacity=\u00bb100%\u00bb link_option_url=\u00bbhttps:\/\/akademie-studium.com\/formacion-para-trabajadores\/\u00bb hover_enabled=\u00bb0&#8243; box_shadow_style=\u00bbpreset2&#8243; box_shadow_horizontal=\u00bb0px\u00bb box_shadow_vertical=\u00bb0px\u00bb box_shadow_blur=\u00bb60px\u00bb box_shadow_color=\u00bbrgba(71,74,182,0.12)\u00bb locked=\u00bboff\u00bb global_colors_info=\u00bb{}\u00bb custom_padding_last_edited=\u00bbon|desktop\u00bb custom_padding_phone=\u00bb30px|30px|30px|10px|false|false\u00bb sticky_enabled=\u00bb0&#8243; custom_padding_tablet=\u00bb30px|30px|30px|30px|false|false\u00bb]<\/p>\n<p>Con nuestro m\u00f3dulo lograr\u00e1s una actualizaci\u00f3n e innovaci\u00f3n de tus conocimientos obteniendo una certificaci\u00f3n como especialista en tu \u00e1rea de trabajo.<\/p>\n<p>Podr\u00e1s realizar gestiones en tu empresa tal como planificar, desarrollar o auditar procesos en los despartamentos correspondientes.\u00a0 Como responsable podr\u00e1s garantizar el flujo de informaci\u00f3n, correspondencia comercial, an\u00e1lisis de datos, elaboraci\u00f3n de informes y reportes.<\/p>\n<p>Contenido:<\/p>\n<ul>\n<li>Analisis y determinaci\u00f3n de necesidades<\/li>\n<li>Gesti\u00f3n y elaboraci\u00f3n de reportes<\/li>\n<li>Implementaci\u00f3n\u00a0 y desarrollo de estrategias<\/li>\n<li>An\u00e1lisis de riesgos y controles de calidad<\/li>\n<li>Coordinaci\u00f3n y desarrollo de procesos empresariales<\/li>\n<li>An\u00e1lisis y gesti\u00f3n de datos<\/li>\n<li>Gesti\u00f3n de contactos y comunicaci\u00f3n<\/li>\n<\/ul>\n<p><strong><\/strong><\/p>\n<p><strong><\/strong><\/p>\n<p><strong><span style=\"color: #666699;\">6 M\u00f3dulos<\/span><br \/><\/strong><\/p>\n<p>[\/et_pb_blurb][\/et_pb_column][et_pb_column type=\u00bb1_2&#8243; _builder_version=\u00bb4.16&#8243; custom_padding=\u00bb|||\u00bb global_colors_info=\u00bb{}\u00bb custom_padding__hover=\u00bb|||\u00bb][et_pb_blurb title=\u00bb Especialista en Impotaci\u00f3n y Exportaci\u00f3n\u00bb image=\u00bbhttps:\/\/akademie-studium.com\/wp-content\/uploads\/2024\/09\/coding-icon_7.jpg\u00bb icon_placement=\u00bbleft\u00bb content_max_width=\u00bb1100px\u00bb _builder_version=\u00bb4.27.4&#8243; header_font=\u00bb|on|||\u00bb header_text_color=\u00bbrgba(46,127,193,0.83)\u00bb header_line_height=\u00bb1.5em\u00bb body_text_color=\u00bb#8585bd\u00bb body_font_size=\u00bb16px\u00bb body_line_height=\u00bb1.9em\u00bb background_color=\u00bb#ffffff\u00bb background_size=\u00bbinitial\u00bb background_position=\u00bbtop_left\u00bb background_repeat=\u00bbrepeat\u00bb custom_margin=\u00bb-80px||10%|\u00bb custom_margin_tablet=\u00bb0px||10%|\u00bb custom_margin_phone=\u00bb\u00bb custom_margin_last_edited=\u00bbon|phone\u00bb custom_padding=\u00bb30px|30px|30px|30px|false|false\u00bb animation_style=\u00bbzoom\u00bb animation_direction=\u00bbbottom\u00bb animation_delay=\u00bb100ms\u00bb animation_intensity_zoom=\u00bb20%\u00bb animation_starting_opacity=\u00bb100%\u00bb link_option_url=\u00bbhttps:\/\/akademie-studium.com\/importacion-y-exportacion\/\u00bb hover_enabled=\u00bb0&#8243; box_shadow_style=\u00bbpreset2&#8243; box_shadow_horizontal=\u00bb0px\u00bb box_shadow_vertical=\u00bb0px\u00bb box_shadow_blur=\u00bb60px\u00bb box_shadow_color=\u00bbrgba(71,74,182,0.12)\u00bb locked=\u00bboff\u00bb global_colors_info=\u00bb{}\u00bb custom_padding_last_edited=\u00bbon|phone\u00bb sticky_enabled=\u00bb0&#8243; custom_padding_phone=\u00bb|||10px|false|false\u00bb custom_padding_tablet=\u00bb30px|30px|30px|30px|false|false\u00bb]<\/p>\n<p>Una vez culminado con \u00e9xito tu proceso de formaci\u00f3n, obtendr\u00e1s nuestra certificaci\u00f3n como especialista en las \u00e1reas de importaci\u00f3n y exportaci\u00f3n.<\/p>\n<p>Podr\u00e1s realizar la planificaci\u00f3n de procesos de adquisici\u00f3n de mercancias y servicios de diversos bloques econ\u00f3micos. Como responsable podr\u00e1s garantizar el flujo de mercancias, bienes y servicios desde su origen hasta su destino, as\u00ed como organizar y controlar los procesos de importaci\u00f3n, exportaci\u00f3n y aduanas.<\/p>\n<p>Contenido:<\/p>\n<ul>\n<li>An\u00e1lisis y determinaci\u00f3n de necesidades<\/li>\n<li>Localizaci\u00f3n de clientes en el \u00e1rea internacional<\/li>\n<li>Gesti\u00f3n de pedidos y contratos en el mercado internacional<\/li>\n<li>Acuerdos comerciales de la zona UE<\/li>\n<li>Elecci\u00f3n de proveedores y \u00e1nalisis de riesgos en el mercado mundial<\/li>\n<li>Gesti\u00f3n de procesos de aduanas<\/li>\n<li>Normas y procedimientos comerciales en la UE.<\/li>\n<li>Contacto y comunicaci\u00f3n con transportes internacionales<\/li>\n<li>Documentaci\u00f3n en importaci\u00f3n y exportaci\u00f3n.<\/li>\n<\/ul>\n<p><strong><\/strong><\/p>\n<p><strong><\/strong><\/p>\n<p><strong><span style=\"color: #666699;\">6 M\u00f3dulos<\/span><br \/><\/strong><\/p>\n<p>[\/et_pb_blurb][et_pb_blurb title=\u00bbEspecialista en Gesti\u00f3n y Desarrollo de Negocios\u00bb image=\u00bbhttps:\/\/akademie-studium.com\/wp-content\/uploads\/2024\/09\/coding-icon_2.jpg\u00bb icon_placement=\u00bbleft\u00bb content_max_width=\u00bb1100px\u00bb _builder_version=\u00bb4.27.4&#8243; header_font=\u00bbMontserrat|700|||||||\u00bb header_text_color=\u00bbrgba(46,127,193,0.83)\u00bb header_line_height=\u00bb1.5em\u00bb body_text_color=\u00bb#8585bd\u00bb body_font_size=\u00bb16px\u00bb body_line_height=\u00bb1.9em\u00bb background_color=\u00bb#ffffff\u00bb background_size=\u00bbinitial\u00bb background_position=\u00bbtop_left\u00bb background_repeat=\u00bbrepeat\u00bb custom_margin=\u00bb||10%|\u00bb custom_padding=\u00bb30px|30px|30px|30px|false|false\u00bb animation_style=\u00bbzoom\u00bb animation_direction=\u00bbbottom\u00bb animation_delay=\u00bb100ms\u00bb animation_intensity_zoom=\u00bb20%\u00bb animation_starting_opacity=\u00bb100%\u00bb link_option_url=\u00bbhttps:\/\/akademie-studium.com\/gestion-y-desarrollo-de-negocios\/\u00bb hover_enabled=\u00bb0&#8243; box_shadow_style=\u00bbpreset2&#8243; box_shadow_horizontal=\u00bb0px\u00bb box_shadow_vertical=\u00bb0px\u00bb box_shadow_blur=\u00bb60px\u00bb box_shadow_color=\u00bbrgba(71,74,182,0.12)\u00bb locked=\u00bboff\u00bb global_colors_info=\u00bb{}\u00bb custom_padding_last_edited=\u00bbon|phone\u00bb sticky_enabled=\u00bb0&#8243; custom_padding_phone=\u00bb|||10px|false|false\u00bb custom_padding_tablet=\u00bb30px|30px|30px|30px|false|false\u00bb]<\/p>\n<p>Con nuestro curso lograr\u00e1s una certificaci\u00f3n como especialista en gesti\u00f3n y desarrollo de negocios.<\/p>\n<p>Con la formaci\u00f3n superada podr\u00e1s crear, gestionar y asesorar empresas, planificar procesos de compra de mercancias, bienes y servicios, negociar con proveedores, cierre de contratos, etc.<\/p>\n<p>Contenido:<\/p>\n<ul>\n<li>An\u00e1lisis y determinaci\u00f3n de necesidades<\/li>\n<li>Desarrollo de un plan de negocios<\/li>\n<li>Elecci\u00f3n de la forma juridica de la empresa<\/li>\n<li>B\u00fasqueda de fuentes de financiaci\u00f3n<\/li>\n<li>Management y liderazgo<\/li>\n<li>Gesti\u00f3n de recursos humanos<\/li>\n<li>Direcci\u00f3n de empresas y marketing<\/li>\n<li>Gerencia comercial y ventas<\/li>\n<li>Gesti\u00f3n contable y financiera<\/li>\n<li>Gesti\u00f3n de operaci\u00f3nes y log\u00edstica<\/li>\n<\/ul>\n<p>&nbsp;<\/p>\n<p><span style=\"color: #666699;\">\u00a0\u00a0\u00a0<strong> 6 M\u00f3dulos<\/strong><\/span><\/p>\n<p>[\/et_pb_blurb][et_pb_blurb title=\u00bbExperto en Comercio Electr\u00f3nico\u00bb image=\u00bbhttps:\/\/akademie-studium.com\/wp-content\/uploads\/2024\/09\/coding-icon_4.jpg\u00bb icon_placement=\u00bbleft\u00bb content_max_width=\u00bb1100px\u00bb _builder_version=\u00bb4.27.4&#8243; header_font=\u00bbMontserrat|700|||||||\u00bb header_text_color=\u00bbrgba(46,127,193,0.83)\u00bb header_line_height=\u00bb1.5em\u00bb body_text_color=\u00bb#8585bd\u00bb body_font_size=\u00bb16px\u00bb body_line_height=\u00bb1.9em\u00bb background_color=\u00bb#ffffff\u00bb background_size=\u00bbinitial\u00bb background_position=\u00bbtop_left\u00bb background_repeat=\u00bbrepeat\u00bb custom_margin=\u00bb||10%|\u00bb custom_padding=\u00bb30px|30px|30px|30px|false|false\u00bb animation_style=\u00bbzoom\u00bb animation_direction=\u00bbbottom\u00bb animation_delay=\u00bb100ms\u00bb animation_intensity_zoom=\u00bb20%\u00bb animation_starting_opacity=\u00bb100%\u00bb link_option_url=\u00bbhttps:\/\/akademie-studium.com\/comercio-electronico\/\u00bb hover_enabled=\u00bb0&#8243; box_shadow_style=\u00bbpreset2&#8243; box_shadow_horizontal=\u00bb0px\u00bb box_shadow_vertical=\u00bb0px\u00bb box_shadow_blur=\u00bb60px\u00bb box_shadow_color=\u00bbrgba(71,74,182,0.12)\u00bb locked=\u00bboff\u00bb global_colors_info=\u00bb{}\u00bb custom_padding_last_edited=\u00bbon|phone\u00bb sticky_enabled=\u00bb0&#8243; custom_padding_phone=\u00bb|||10px|false|false\u00bb custom_padding_tablet=\u00bb30px|30px|30px|30px|false|false\u00bb]<\/p>\n<p>Con nuestro m\u00f3dulo lograr\u00e1s una certificaci\u00f3n como consultor especializado en comercio electr\u00f3nico y marketing digital.<\/p>\n<p>Adquirir\u00e1s conocimientos estrat\u00e9gicos y desarrollar\u00e1s habilidades pr\u00e1cticas en la din\u00e1mica de negocios en l\u00ednea as\u00ed como el uso de herramientas de an\u00e1lisis y gesti\u00f3n en Internet.<\/p>\n<p>Al finalizar tu formaci\u00f3n ser\u00e1s capaz de crear y desarrollar proyectos para productos digitales y f\u00edsicos en un mundo digital.<\/p>\n<p>Contenido:<\/p>\n<ul>\n<li>An\u00e1lisis y determinaci\u00f3n de necesidades en el mundo digital.<\/li>\n<li>Introducci\u00f3n al mundo digital.<\/li>\n<li>Implementaci\u00f3n de planes estrat\u00e9gicos de E-Commerce<\/li>\n<li>Introducci\u00f3n al marketing digital<\/li>\n<li>Desarrollo e innovaci\u00f3n en tiendas Online.<\/li>\n<li>Elecci\u00f3n de plataformas para E-Commerce y creaci\u00f3n de tiendas Online.<\/li>\n<li>Ventas online y comercio eletr\u00f3nico<\/li>\n<\/ul>\n<p><strong><\/strong><\/p>\n<p><strong><span style=\"color: #666699;\">6 M\u00f3dulos<\/span><br \/><\/strong><\/p>\n<p>[\/et_pb_blurb][\/et_pb_column][\/et_pb_row][\/et_pb_section][et_pb_section fb_built=\u00bb1&#8243; admin_label=\u00bbFooter\u00bb _builder_version=\u00bb4.16&#8243; background_color=\u00bb#f7f8fc\u00bb custom_padding=\u00bb0px|0px|100px|0px\u00bb animation_style=\u00bbzoom\u00bb animation_direction=\u00bbbottom\u00bb animation_intensity_zoom=\u00bb6%\u00bb animation_starting_opacity=\u00bb100%\u00bb hover_enabled=\u00bb0&#8243; saved_tabs=\u00bball\u00bb locked=\u00bboff\u00bb global_colors_info=\u00bb{}\u00bb sticky_enabled=\u00bb0&#8243;][et_pb_row use_custom_gutter=\u00bbon\u00bb gutter_width=\u00bb2&#8243; _builder_version=\u00bb4.27.2&#8243; background_enable_color=\u00bboff\u00bb background_size=\u00bbinitial\u00bb background_position=\u00bbtop_left\u00bb background_repeat=\u00bbrepeat\u00bb global_colors_info=\u00bb{}\u00bb][et_pb_column type=\u00bb4_4&#8243; _builder_version=\u00bb4.16&#8243; custom_padding=\u00bb|||\u00bb global_colors_info=\u00bb{}\u00bb custom_padding__hover=\u00bb|||\u00bb][et_pb_button button_url=\u00bbhttps:\/\/akademie-studium.com\/contacto\/\u00bb button_text=\u00bbContacta con nosotros\u00bb button_alignment=\u00bbleft\u00bb _builder_version=\u00bb4.27.4&#8243; custom_button=\u00bbon\u00bb button_text_size=\u00bb16px\u00bb button_text_color=\u00bb#FFFFFF\u00bb button_bg_color=\u00bbrgba(46,127,193,0.83)\u00bb button_border_width=\u00bb0px\u00bb button_border_color=\u00bbRGBA(255,255,255,0)\u00bb button_border_radius=\u00bb23px\u00bb button_letter_spacing=\u00bb1px\u00bb button_font=\u00bbMontserrat|600||on|||||\u00bb button_icon=\u00bb&#x3d;||divi||400&#8243; button_icon_color=\u00bbrgba(46,127,193,0.83)\u00bb button_on_hover=\u00bboff\u00bb background_layout=\u00bbdark\u00bb custom_margin=\u00bb30px||-62px||false|false\u00bb animation_style=\u00bbzoom\u00bb animation_intensity_zoom=\u00bb6%\u00bb box_shadow_style=\u00bbpreset1&#8243; box_shadow_vertical=\u00bb0px\u00bb box_shadow_blur=\u00bb50px\u00bb box_shadow_spread=\u00bb5px\u00bb box_shadow_color=\u00bbRGBA(255,255,255,0)\u00bb button_letter_spacing_hover=\u00bb2px\u00bb locked=\u00bboff\u00bb global_colors_info=\u00bb{}\u00bb button_text_size__hover_enabled=\u00bboff\u00bb button_one_text_size__hover_enabled=\u00bboff\u00bb button_two_text_size__hover_enabled=\u00bboff\u00bb button_text_color__hover_enabled=\u00bboff\u00bb button_one_text_color__hover_enabled=\u00bboff\u00bb button_two_text_color__hover_enabled=\u00bboff\u00bb button_border_width__hover_enabled=\u00bboff\u00bb button_one_border_width__hover_enabled=\u00bboff\u00bb button_two_border_width__hover_enabled=\u00bboff\u00bb button_border_color__hover_enabled=\u00bboff\u00bb button_one_border_color__hover_enabled=\u00bboff\u00bb button_two_border_color__hover_enabled=\u00bboff\u00bb button_border_radius__hover_enabled=\u00bboff\u00bb button_one_border_radius__hover_enabled=\u00bboff\u00bb button_two_border_radius__hover_enabled=\u00bboff\u00bb button_letter_spacing__hover_enabled=\u00bbon\u00bb button_letter_spacing__hover=\u00bb2px\u00bb button_one_letter_spacing__hover_enabled=\u00bboff\u00bb button_two_letter_spacing__hover_enabled=\u00bboff\u00bb button_bg_color__hover_enabled=\u00bboff\u00bb button_one_bg_color__hover_enabled=\u00bboff\u00bb button_two_bg_color__hover_enabled=\u00bboff\u00bb][\/et_pb_button][\/et_pb_column][\/et_pb_row][\/et_pb_section]<\/p>\n","protected":false},"excerpt":{"rendered":"<p>NUESTROS CURSOSPara que logres un mejor desempe\u00f1o profesional, unimos formaci\u00f3n y convenios con empresas para que inicies o desarrolles tu carrera laboral.Con nuestra certificaci\u00f3n como especialista en gesti\u00f3n de compras y servicios podr\u00e1s realizar gestiones de responsabilidad en una empresa tal como planificar, organizar y controlar procesos de compra de mercancias, bienes y servicios, as\u00ed [&hellip;]<\/p>\n","protected":false},"author":1,"featured_media":0,"parent":0,"menu_order":0,"comment_status":"closed","ping_status":"closed","template":"","meta":{"_et_pb_use_builder":"on","_et_pb_old_content":"<!-- wp:divi\/placeholder \/-->","_et_gb_content_width":"","footnotes":""},"class_list":["post-322","page","type-page","status-publish","hentry"],"_links":{"self":[{"href":"https:\/\/akademie-studium.com\/es\/wp-json\/wp\/v2\/pages\/322","targetHints":{"allow":["GET"]}}],"collection":[{"href":"https:\/\/akademie-studium.com\/es\/wp-json\/wp\/v2\/pages"}],"about":[{"href":"https:\/\/akademie-studium.com\/es\/wp-json\/wp\/v2\/types\/page"}],"author":[{"embeddable":true,"href":"https:\/\/akademie-studium.com\/es\/wp-json\/wp\/v2\/users\/1"}],"replies":[{"embeddable":true,"href":"https:\/\/akademie-studium.com\/es\/wp-json\/wp\/v2\/comments?post=322"}],"version-history":[{"count":29,"href":"https:\/\/akademie-studium.com\/es\/wp-json\/wp\/v2\/pages\/322\/revisions"}],"predecessor-version":[{"id":1423,"href":"https:\/\/akademie-studium.com\/es\/wp-json\/wp\/v2\/pages\/322\/revisions\/1423"}],"wp:attachment":[{"href":"https:\/\/akademie-studium.com\/es\/wp-json\/wp\/v2\/media?parent=322"}],"curies":[{"name":"wp","href":"https:\/\/api.w.org\/{rel}","templated":true}]}}