{"id":367,"date":"2024-10-25T10:22:21","date_gmt":"2024-10-25T10:22:21","guid":{"rendered":"https:\/\/akademie-studium.com\/?page_id=367"},"modified":"2025-01-28T13:12:36","modified_gmt":"2025-01-28T13:12:36","slug":"contacto","status":"publish","type":"page","link":"https:\/\/akademie-studium.com\/es\/contacto\/","title":{"rendered":"Contacto"},"content":{"rendered":"<p>[et_pb_section fb_built=\u00bb1&#8243; admin_label=\u00bbContact hero\u00bb _builder_version=\u00bb4.27.2&#8243; background_color=\u00bbrgba(46,127,193,0.83)\u00bb background_enable_image=\u00bboff\u00bb background_blend=\u00bboverlay\u00bb custom_padding=\u00bb100px|0px|60px|0px\u00bb animation_style=\u00bbslide\u00bb animation_direction=\u00bbtop\u00bb animation_intensity_slide=\u00bb2%\u00bb box_shadow_style=\u00bbpreset7&#8243; box_shadow_horizontal=\u00bb0px\u00bb box_shadow_vertical=\u00bb-260px\u00bb box_shadow_color=\u00bb#ffffff\u00bb locked=\u00bboff\u00bb global_colors_info=\u00bb{}\u00bb][et_pb_row _builder_version=\u00bb4.27.2&#8243; custom_margin=\u00bb|||\u00bb custom_padding=\u00bb27px|0px|100px|0px\u00bb custom_width_px=\u00bb1280px\u00bb global_colors_info=\u00bb{}\u00bb][et_pb_column type=\u00bb4_4&#8243; _builder_version=\u00bb4.27.2&#8243; background_color=\u00bbRGBA(255,255,255,0)\u00bb custom_padding=\u00bb|||\u00bb global_colors_info=\u00bb{}\u00bb custom_padding__hover=\u00bb|||\u00bb][et_pb_text _builder_version=\u00bb4.27.4&#8243; text_font=\u00bb&#8211;et_global_heading_font|500|||||||\u00bb text_font_size=\u00bb15px\u00bb header_font=\u00bb|on|||\u00bb header_font_size=\u00bb42px\u00bb header_line_height=\u00bb1.3em\u00bb header_2_font=\u00bb&#8211;et_global_heading_font||||||||\u00bb header_2_font_size=\u00bb45px\u00bb text_orientation=\u00bbcenter\u00bb background_layout=\u00bbdark\u00bb max_width=\u00bb530px\u00bb module_alignment=\u00bbcenter\u00bb custom_margin=\u00bb-45px||||false|false\u00bb custom_padding=\u00bb|||\u00bb hover_enabled=\u00bb0&#8243; header_font_size_tablet=\u00bb\u00bb header_font_size_phone=\u00bb\u00bb header_font_size_last_edited=\u00bbon|desktop\u00bb locked=\u00bboff\u00bb global_colors_info=\u00bb{}\u00bb header_2_font_size_last_edited=\u00bbon|phone\u00bb sticky_enabled=\u00bb0&#8243; header_2_font_size_tablet=\u00bb44px\u00bb header_2_font_size_phone=\u00bb41px\u00bb header_2_line_height_last_edited=\u00bbon|phone\u00bb header_2_line_height_phone=\u00bb1.3em\u00bb]<\/p>\n<h2>Contacta con nosotros<\/h2>\n<p>[\/et_pb_text][et_pb_text _builder_version=\u00bb4.27.4&#8243; text_font=\u00bb&#8211;et_global_heading_font||||||||\u00bb text_text_color=\u00bb#FFFFFF\u00bb text_font_size=\u00bb18px\u00bb text_line_height=\u00bb1.8em\u00bb text_orientation=\u00bbcenter\u00bb width=\u00bb71%\u00bb max_width=\u00bb600%\u00bb module_alignment=\u00bbcenter\u00bb custom_margin=\u00bb||17px||false|false\u00bb hover_enabled=\u00bb0&#8243; locked=\u00bboff\u00bb global_colors_info=\u00bb{}\u00bb custom_margin_last_edited=\u00bbon|phone\u00bb sticky_enabled=\u00bb0&#8243; custom_padding_last_edited=\u00bbon|tablet\u00bb custom_padding_phone=\u00bb|15px||11px|false|false\u00bb text_font_size_last_edited=\u00bbon|desktop\u00bb text_font_size_phone=\u00bb17px\u00bb text_font_size_tablet=\u00bb18px\u00bb width_last_edited=\u00bbon|phone\u00bb width_tablet=\u00bb100%\u00bb width_phone=\u00bb100%\u00bb custom_margin_phone=\u00bb|0px|-10px|0px|false|false\u00bb text_orientation_last_edited=\u00bbon|phone\u00bb text_orientation_phone=\u00bbleft\u00bb custom_margin_tablet=\u00bb||17px||false|false\u00bb text_orientation_tablet=\u00bbcenter\u00bb]<\/p>\n<p>Nuestro equipo est\u00e1 siempre disponible para aclarar tus dudas, asesorarte y orientarte en tomar la mejor decisi\u00f3n para tu futuro profesional. No dudes en contactarnos.<\/p>\n<p>[\/et_pb_text][\/et_pb_column][\/et_pb_row][et_pb_row column_structure=\u00bb2_3,1_3&#8243; use_custom_gutter=\u00bbon\u00bb gutter_width=\u00bb1&#8243; make_equal=\u00bbon\u00bb admin_label=\u00bbContact Info\u00bb _builder_version=\u00bb4.27.4&#8243; background_color=\u00bb#ffffff\u00bb custom_margin=\u00bb-30px||-35px||false|false\u00bb custom_padding=\u00bb0px|0px|0px|0px\u00bb filter_hue_rotate=\u00bb25deg\u00bb animation_style=\u00bbzoom\u00bb animation_intensity_zoom=\u00bb10%\u00bb animation_starting_opacity=\u00bb100%\u00bb border_color_all=\u00bb#0C71C3&#8243; box_shadow_style=\u00bbpreset1&#8243; box_shadow_vertical=\u00bb6px\u00bb box_shadow_blur=\u00bb40px\u00bb box_shadow_color=\u00bbrgba(71,74,182,0.12)\u00bb global_colors_info=\u00bb{}\u00bb][et_pb_column type=\u00bb2_3&#8243; _builder_version=\u00bb4.16&#8243; custom_padding=\u00bb60px|40px|60px|40px\u00bb global_colors_info=\u00bb{}\u00bb custom_padding__hover=\u00bb|||\u00bb][et_pb_text _builder_version=\u00bb4.27.4&#8243; text_font=\u00bb&#8211;et_global_heading_font||||||||\u00bb header_font=\u00bb||||||||\u00bb header_2_font=\u00bb&#8211;et_global_heading_font|700|||||||\u00bb header_2_text_color=\u00bbrgba(46,127,193,0.83)\u00bb header_2_font_size=\u00bb21px\u00bb header_2_line_height=\u00bb1.3em\u00bb custom_margin=\u00bb-29px||20px||false|false\u00bb animation_style=\u00bbslide\u00bb animation_direction=\u00bbbottom\u00bb animation_intensity_slide=\u00bb10%\u00bb locked=\u00bboff\u00bb global_colors_info=\u00bb{}\u00bb header_font_size__hover=\u00bb30px\u00bb header_font_size__hover_enabled=\u00bb30px\u00bb header_letter_spacing__hover=\u00bb0px\u00bb header_letter_spacing__hover_enabled=\u00bb0px\u00bb header_text_shadow_style__hover=\u00bbnone\u00bb header_text_shadow_style__hover_enabled=\u00bbnone\u00bb header_text_shadow_color__hover=\u00bbrgba(0,0,0,0.4)\u00bb header_text_shadow_color__hover_enabled=\u00bbrgba(0,0,0,0.4)\u00bb]<\/p>\n<h2>Env\u00edanos un mensaje<\/h2>\n<p>[\/et_pb_text][et_pb_contact_form email=\u00bbinfo@akademie-studium.com\u00bb custom_message=\u00bbInformacio\u00bb submit_button_text=\u00bbEnviar\u00bb module_id=\u00bbet_pb_contact_form_0&#8243; _builder_version=\u00bb4.27.4&#8243; form_field_background_color=\u00bbRGBA(255,255,255,0)\u00bb form_field_text_color=\u00bb#0C71C3&#8243; form_field_focus_background_color=\u00bbRGBA(255,255,255,0)\u00bb form_field_focus_text_color=\u00bbRGBA(255,255,255,0)\u00bb form_field_custom_margin=\u00bb5px|0px|12px|0px|false|false\u00bb form_field_custom_padding=\u00bb0px||19px|3px|false|false\u00bb title_font_size=\u00bb26px\u00bb captcha_font_size=\u00bb14px\u00bb form_field_font=\u00bb|600|||||||\u00bb form_field_font_size=\u00bb13px\u00bb form_field_letter_spacing=\u00bb2px\u00bb form_field_line_height=\u00bb1.6em\u00bb custom_button=\u00bbon\u00bb button_text_size=\u00bb12px\u00bb button_text_color=\u00bb#ffffff\u00bb button_bg_color=\u00bbrgba(46,127,193,0.83)\u00bb button_border_width=\u00bb0px\u00bb button_border_color=\u00bbrgba(46,127,193,0.83)\u00bb button_border_radius=\u00bb26px\u00bb button_letter_spacing=\u00bb1px\u00bb button_font=\u00bb&#8211;et_global_heading_font|600||on|||||\u00bb button_use_icon=\u00bboff\u00bb button_custom_margin=\u00bb10px||0px||false|false\u00bb custom_margin=\u00bb0px||0px||false|false\u00bb custom_padding=\u00bb0px||0px||false|false\u00bb border_radii=\u00bboff||||\u00bb border_width_all=\u00bb1px\u00bb border_color_all=\u00bb#0C71C3&#8243; border_style_all=\u00bbsolid\u00bb use_border_color=\u00bbon\u00bb border_color=\u00bbrgba(71,74,182,0.12)\u00bb form_background_color=\u00bbrgba(0,0,0,0)\u00bb global_colors_info=\u00bb{}\u00bb][et_pb_contact_field field_id=\u00bbFirst\u00bb field_title=\u00bbNombre\u00bb _builder_version=\u00bb4.27.2&#8243; global_colors_info=\u00bb{}\u00bb button_text_size__hover_enabled=\u00bboff\u00bb button_one_text_size__hover_enabled=\u00bboff\u00bb button_two_text_size__hover_enabled=\u00bboff\u00bb button_text_color__hover_enabled=\u00bboff\u00bb button_one_text_color__hover_enabled=\u00bboff\u00bb button_two_text_color__hover_enabled=\u00bboff\u00bb button_border_width__hover_enabled=\u00bboff\u00bb button_one_border_width__hover_enabled=\u00bboff\u00bb button_two_border_width__hover_enabled=\u00bboff\u00bb button_border_color__hover_enabled=\u00bboff\u00bb button_one_border_color__hover_enabled=\u00bboff\u00bb button_two_border_color__hover_enabled=\u00bboff\u00bb button_border_radius__hover_enabled=\u00bboff\u00bb button_one_border_radius__hover_enabled=\u00bboff\u00bb button_two_border_radius__hover_enabled=\u00bboff\u00bb button_letter_spacing__hover_enabled=\u00bboff\u00bb button_one_letter_spacing__hover_enabled=\u00bboff\u00bb button_two_letter_spacing__hover_enabled=\u00bboff\u00bb button_bg_color__hover_enabled=\u00bboff\u00bb button_one_bg_color__hover_enabled=\u00bboff\u00bb button_two_bg_color__hover_enabled=\u00bboff\u00bb][\/et_pb_contact_field][et_pb_contact_field field_id=\u00bbLast\u00bb field_title=\u00bbApellido\u00bb _builder_version=\u00bb4.27.2&#8243; global_colors_info=\u00bb{}\u00bb button_text_size__hover_enabled=\u00bboff\u00bb button_one_text_size__hover_enabled=\u00bboff\u00bb button_two_text_size__hover_enabled=\u00bboff\u00bb button_text_color__hover_enabled=\u00bboff\u00bb button_one_text_color__hover_enabled=\u00bboff\u00bb button_two_text_color__hover_enabled=\u00bboff\u00bb button_border_width__hover_enabled=\u00bboff\u00bb button_one_border_width__hover_enabled=\u00bboff\u00bb button_two_border_width__hover_enabled=\u00bboff\u00bb button_border_color__hover_enabled=\u00bboff\u00bb button_one_border_color__hover_enabled=\u00bboff\u00bb button_two_border_color__hover_enabled=\u00bboff\u00bb button_border_radius__hover_enabled=\u00bboff\u00bb button_one_border_radius__hover_enabled=\u00bboff\u00bb button_two_border_radius__hover_enabled=\u00bboff\u00bb button_letter_spacing__hover_enabled=\u00bboff\u00bb button_one_letter_spacing__hover_enabled=\u00bboff\u00bb button_two_letter_spacing__hover_enabled=\u00bboff\u00bb button_bg_color__hover_enabled=\u00bboff\u00bb button_one_bg_color__hover_enabled=\u00bboff\u00bb button_two_bg_color__hover_enabled=\u00bboff\u00bb][\/et_pb_contact_field][et_pb_contact_field field_id=\u00bbEmail\u00bb field_title=\u00bbEmail \u00bb field_type=\u00bbemail\u00bb _builder_version=\u00bb4.27.2&#8243; global_colors_info=\u00bb{}\u00bb button_text_size__hover_enabled=\u00bboff\u00bb button_one_text_size__hover_enabled=\u00bboff\u00bb button_two_text_size__hover_enabled=\u00bboff\u00bb button_text_color__hover_enabled=\u00bboff\u00bb button_one_text_color__hover_enabled=\u00bboff\u00bb button_two_text_color__hover_enabled=\u00bboff\u00bb button_border_width__hover_enabled=\u00bboff\u00bb button_one_border_width__hover_enabled=\u00bboff\u00bb button_two_border_width__hover_enabled=\u00bboff\u00bb button_border_color__hover_enabled=\u00bboff\u00bb button_one_border_color__hover_enabled=\u00bboff\u00bb button_two_border_color__hover_enabled=\u00bboff\u00bb button_border_radius__hover_enabled=\u00bboff\u00bb button_one_border_radius__hover_enabled=\u00bboff\u00bb button_two_border_radius__hover_enabled=\u00bboff\u00bb button_letter_spacing__hover_enabled=\u00bboff\u00bb button_one_letter_spacing__hover_enabled=\u00bboff\u00bb button_two_letter_spacing__hover_enabled=\u00bboff\u00bb button_bg_color__hover_enabled=\u00bboff\u00bb button_one_bg_color__hover_enabled=\u00bboff\u00bb button_two_bg_color__hover_enabled=\u00bboff\u00bb][\/et_pb_contact_field][et_pb_contact_field field_id=\u00bbMessage\u00bb field_title=\u00bbMensaje\u00bb field_type=\u00bbtext\u00bb fullwidth_field=\u00bbon\u00bb _builder_version=\u00bb4.27.2&#8243; global_colors_info=\u00bb{}\u00bb button_text_size__hover_enabled=\u00bboff\u00bb button_one_text_size__hover_enabled=\u00bboff\u00bb button_two_text_size__hover_enabled=\u00bboff\u00bb button_text_color__hover_enabled=\u00bboff\u00bb button_one_text_color__hover_enabled=\u00bboff\u00bb button_two_text_color__hover_enabled=\u00bboff\u00bb button_border_width__hover_enabled=\u00bboff\u00bb button_one_border_width__hover_enabled=\u00bboff\u00bb button_two_border_width__hover_enabled=\u00bboff\u00bb button_border_color__hover_enabled=\u00bboff\u00bb button_one_border_color__hover_enabled=\u00bboff\u00bb button_two_border_color__hover_enabled=\u00bboff\u00bb button_border_radius__hover_enabled=\u00bboff\u00bb button_one_border_radius__hover_enabled=\u00bboff\u00bb button_two_border_radius__hover_enabled=\u00bboff\u00bb button_letter_spacing__hover_enabled=\u00bboff\u00bb button_one_letter_spacing__hover_enabled=\u00bboff\u00bb button_two_letter_spacing__hover_enabled=\u00bboff\u00bb button_bg_color__hover_enabled=\u00bboff\u00bb button_one_bg_color__hover_enabled=\u00bboff\u00bb button_two_bg_color__hover_enabled=\u00bboff\u00bb][\/et_pb_contact_field][\/et_pb_contact_form][\/et_pb_column][et_pb_column type=\u00bb1_3&#8243; _builder_version=\u00bb4.27.2&#8243; background_color=\u00bbrgba(46,127,193,0.83)\u00bb custom_padding=\u00bb60px|40px|60px|40px\u00bb global_colors_info=\u00bb{}\u00bb custom_padding__hover=\u00bb|||\u00bb][et_pb_text _builder_version=\u00bb4.27.4&#8243; text_font=\u00bb||||||||\u00bb header_font=\u00bb||||||||\u00bb header_font_size=\u00bb29px\u00bb header_2_font=\u00bb|700|||||||\u00bb header_2_text_align=\u00bbcenter\u00bb header_2_font_size=\u00bb25px\u00bb header_2_line_height=\u00bb1.3em\u00bb background_layout=\u00bbdark\u00bb custom_margin=\u00bb||20px|\u00bb animation_style=\u00bbslide\u00bb animation_direction=\u00bbbottom\u00bb animation_intensity_slide=\u00bb10%\u00bb locked=\u00bboff\u00bb global_colors_info=\u00bb{}\u00bb header_font_size__hover=\u00bb30px\u00bb header_font_size__hover_enabled=\u00bb30px\u00bb header_letter_spacing__hover=\u00bb0px\u00bb header_letter_spacing__hover_enabled=\u00bb0px\u00bb header_text_shadow_style__hover=\u00bbnone\u00bb header_text_shadow_style__hover_enabled=\u00bbnone\u00bb header_text_shadow_color__hover=\u00bbrgba(0,0,0,0.4)\u00bb header_text_shadow_color__hover_enabled=\u00bbrgba(0,0,0,0.4)\u00bb]<\/p>\n<h2>Tambi\u00e9n nos encontrar\u00e1s en<\/h2>\n<p>[\/et_pb_text][et_pb_text _builder_version=\u00bb4.27.4&#8243; text_font_size=\u00bb16px\u00bb text_line_height=\u00bb3em\u00bb background_layout=\u00bbdark\u00bb custom_margin=\u00bb||40px|\u00bb global_colors_info=\u00bb{}\u00bb]<\/p>\n<h5 style=\"text-align: center;\">E-Mail: <span style=\"color: #ffffff;\"><a href=\"mailto:info@akademie-studium.com\" style=\"color: #ffffff;\">info@akademie-studium.com<\/a><\/span><\/h5>\n<p style=\"text-align: center;\">Tel\u00e9fono: 03075948837<\/p>\n<p>[\/et_pb_text][et_pb_image src=\u00bbhttps:\/\/akademie-studium.com\/wp-content\/uploads\/2024\/09\/Logo.jpg\u00bb title_text=\u00bbLogo\u00bb force_fullwidth=\u00bbon\u00bb _builder_version=\u00bb4.27.4&#8243; _module_preset=\u00bbdefault\u00bb custom_margin=\u00bb||-21px||false|false\u00bb global_colors_info=\u00bb{}\u00bb][\/et_pb_image][\/et_pb_column][\/et_pb_row][\/et_pb_section][et_pb_section fb_built=\u00bb1&#8243; admin_label=\u00bbFAQ\u00bb _builder_version=\u00bb4.16&#8243; custom_margin=\u00bb|||\u00bb custom_padding=\u00bb60px|0px|100px|0px\u00bb global_colors_info=\u00bb{}\u00bb][et_pb_row _builder_version=\u00bb4.27.4&#8243; custom_margin=\u00bb-12px||-30px||false|false\u00bb global_colors_info=\u00bb{}\u00bb][et_pb_column type=\u00bb4_4&#8243; _builder_version=\u00bb4.16&#8243; custom_padding=\u00bb|||\u00bb global_colors_info=\u00bb{}\u00bb custom_padding__hover=\u00bb|||\u00bb][et_pb_text _builder_version=\u00bb4.27.4&#8243; text_font=\u00bb&#8211;et_global_heading_font||||||||\u00bb header_font=\u00bb||||||||\u00bb header_2_font=\u00bb&#8211;et_global_heading_font|600|||||||\u00bb header_2_text_color=\u00bbrgba(46,127,193,0.83)\u00bb header_2_font_size=\u00bb36px\u00bb header_2_line_height=\u00bb1.3em\u00bb text_orientation=\u00bbcenter\u00bb custom_margin=\u00bb||20px|\u00bb animation_style=\u00bbslide\u00bb animation_direction=\u00bbbottom\u00bb animation_intensity_slide=\u00bb10%\u00bb locked=\u00bboff\u00bb global_colors_info=\u00bb{}\u00bb header_font_size__hover=\u00bb30px\u00bb header_font_size__hover_enabled=\u00bb30px\u00bb header_letter_spacing__hover=\u00bb0px\u00bb header_letter_spacing__hover_enabled=\u00bb0px\u00bb header_text_shadow_style__hover=\u00bbnone\u00bb header_text_shadow_style__hover_enabled=\u00bbnone\u00bb header_text_shadow_color__hover=\u00bbrgba(0,0,0,0.4)\u00bb header_text_shadow_color__hover_enabled=\u00bbrgba(0,0,0,0.4)\u00bb]<\/p>\n<h2>Preguntas frecuentes<\/h2>\n<p>[\/et_pb_text][et_pb_divider color=\u00bb#09e1c0&#8243; divider_weight=\u00bb4px\u00bb disabled_on=\u00bbon|on|off\u00bb _builder_version=\u00bb4.27.2&#8243; background_size=\u00bbinitial\u00bb background_position=\u00bbtop_left\u00bb background_repeat=\u00bbrepeat\u00bb max_width=\u00bb40px\u00bb module_alignment=\u00bbcenter\u00bb custom_margin=\u00bb||10px|\u00bb animation_style=\u00bbzoom\u00bb animation_direction=\u00bbleft\u00bb saved_tabs=\u00bball\u00bb locked=\u00bboff\u00bb global_colors_info=\u00bb{}\u00bb][\/et_pb_divider][\/et_pb_column][\/et_pb_row][et_pb_row column_structure=\u00bb1_3,1_3,1_3&#8243; _builder_version=\u00bb4.16&#8243; global_colors_info=\u00bb{}\u00bb][et_pb_column type=\u00bb1_3&#8243; _builder_version=\u00bb4.16&#8243; custom_padding=\u00bb|||\u00bb global_colors_info=\u00bb{}\u00bb custom_padding__hover=\u00bb|||\u00bb][et_pb_blurb title=\u00bb\u00bfCu\u00e1l es el coste del curso?\u00bb use_icon=\u00bbon\u00bb font_icon=\u00bb&#xe064;||divi||400&#8243; icon_color=\u00bb#09e1c0&#8243; icon_placement=\u00bbleft\u00bb _builder_version=\u00bb4.27.4&#8243; header_font=\u00bb|on|||\u00bb header_text_color=\u00bb#2e2545&#8243; body_font=\u00bb&#8211;et_global_heading_font||||||||\u00bb body_text_color=\u00bbrgba(46,127,193,0.83)\u00bb body_font_size=\u00bb15px\u00bb custom_margin=\u00bb||0px|\u00bb custom_padding=\u00bb20px||20px|\u00bb animation_style=\u00bbzoom\u00bb animation_direction=\u00bbleft\u00bb animation_intensity_zoom=\u00bb10%\u00bb locked=\u00bboff\u00bb global_colors_info=\u00bb{}\u00bb]<\/p>\n<p style=\"text-align: left;\">El precio de nuestros cursos est\u00e1 sujeto al contrato firmado de mutuo acuerdo. No habr\u00e1 variaciones en los mismos. Se informar\u00e1 a los alumnos de las pr\u00e1cticas formativas, promociones o descuentos que se puedan generar, pero en ning\u00fan caso se incrementar\u00e1 el precio de los cursos.<\/p>\n<p>&nbsp;<\/p>\n<p>[\/et_pb_blurb][\/et_pb_column][et_pb_column type=\u00bb1_3&#8243; _builder_version=\u00bb4.16&#8243; custom_padding=\u00bb|||\u00bb global_colors_info=\u00bb{}\u00bb custom_padding__hover=\u00bb|||\u00bb][et_pb_blurb title=\u00bbPor razones personales \u00bfPuedo pausar el curso?\u00bb use_icon=\u00bbon\u00bb font_icon=\u00bb&#xe064;||divi||400&#8243; icon_color=\u00bb#09e1c0&#8243; icon_placement=\u00bbleft\u00bb _builder_version=\u00bb4.27.4&#8243; header_font=\u00bb|on|||\u00bb header_text_color=\u00bb#2e2545&#8243; body_font=\u00bb&#8211;et_global_heading_font||||||||\u00bb body_text_color=\u00bbrgba(46,127,193,0.83)\u00bb body_font_size=\u00bb15px\u00bb custom_margin=\u00bb||0px|\u00bb custom_padding=\u00bb20px||20px|\u00bb animation_style=\u00bbzoom\u00bb animation_direction=\u00bbleft\u00bb animation_delay=\u00bb100ms\u00bb animation_intensity_zoom=\u00bb10%\u00bb locked=\u00bboff\u00bb global_colors_info=\u00bb{}\u00bb]<\/p>\n<p style=\"text-align: left;\">S\u00ed, por razones personales justificadas se puede hacer una pausa. Deber\u00e1s tener en cuenta que la constancia y la determinaci\u00f3n en la toma de decisiones son claves para acercarnos a nuestros objetivos. Nosotros estaremos siempre dispuestos a brindarte la orientacion necesaria para tu desarrollo profesional.<\/p>\n<p>[\/et_pb_blurb][\/et_pb_column][et_pb_column type=\u00bb1_3&#8243; _builder_version=\u00bb4.16&#8243; custom_padding=\u00bb|||\u00bb global_colors_info=\u00bb{}\u00bb custom_padding__hover=\u00bb|||\u00bb][et_pb_blurb title=\u00bb\u00bfPuedo seguir estudiando si mi contrato ha finalizado?\u00bb use_icon=\u00bbon\u00bb font_icon=\u00bb&#xe064;||divi||400&#8243; icon_color=\u00bb#09e1c0&#8243; icon_placement=\u00bbleft\u00bb _builder_version=\u00bb4.27.4&#8243; header_font=\u00bb|on|||\u00bb header_text_color=\u00bb#2e2545&#8243; body_font=\u00bb&#8211;et_global_heading_font||||||||\u00bb body_text_color=\u00bbrgba(46,127,193,0.83)\u00bb body_font_size=\u00bb15px\u00bb custom_margin=\u00bb||0px|\u00bb custom_padding=\u00bb20px||20px|\u00bb animation_style=\u00bbzoom\u00bb animation_direction=\u00bbleft\u00bb animation_delay=\u00bb200ms\u00bb animation_intensity_zoom=\u00bb10%\u00bb locked=\u00bboff\u00bb global_colors_info=\u00bb{}\u00bb]<\/p>\n<p style=\"text-align: left;\">Si tu contrato ha finalizado, puedes seguir con tu formaci\u00f3n pero debes informar a Akademie-Studium por los canales adecuados y solicitar la recepci\u00f3n de confirmaci\u00f3n oportuna.<\/p>\n<p>[\/et_pb_blurb][\/et_pb_column][\/et_pb_row][et_pb_row column_structure=\u00bb1_3,1_3,1_3&#8243; _builder_version=\u00bb4.16&#8243; global_colors_info=\u00bb{}\u00bb][et_pb_column type=\u00bb1_3&#8243; _builder_version=\u00bb4.16&#8243; custom_padding=\u00bb|||\u00bb global_colors_info=\u00bb{}\u00bb custom_padding__hover=\u00bb|||\u00bb][et_pb_blurb title=\u00bb\u00bfD\u00f3nde encuentro el material y el temario del curso?\u00bb use_icon=\u00bbon\u00bb font_icon=\u00bb&#xe064;||divi||400&#8243; icon_color=\u00bb#09e1c0&#8243; icon_placement=\u00bbleft\u00bb _builder_version=\u00bb4.27.4&#8243; header_font=\u00bb|on|||\u00bb header_text_color=\u00bb#2e2545&#8243; body_font=\u00bb&#8211;et_global_heading_font||||||||\u00bb body_text_color=\u00bbrgba(46,127,193,0.83)\u00bb body_font_size=\u00bb15px\u00bb custom_margin=\u00bb||0px|\u00bb custom_padding=\u00bb20px||20px|\u00bb animation_style=\u00bbzoom\u00bb animation_direction=\u00bbleft\u00bb animation_intensity_zoom=\u00bb10%\u00bb locked=\u00bboff\u00bb global_colors_info=\u00bb{}\u00bb]<\/p>\n<p style=\"text-align: left;\">El material did\u00e1ctico necesario para tu curso de Formaci\u00f3n Profesional ser\u00e1 proporcionado por Akademie-Studium. El temario de los cursos estar\u00e1 siempre actualizado de forma que coincida con la legistacion vigente.<\/p>\n<p>[\/et_pb_blurb][\/et_pb_column][et_pb_column type=\u00bb1_3&#8243; _builder_version=\u00bb4.16&#8243; custom_padding=\u00bb|||\u00bb global_colors_info=\u00bb{}\u00bb custom_padding__hover=\u00bb|||\u00bb][et_pb_blurb title=\u00bb\u00bfC\u00f3mo puedo contactar con los profesores del curso?\u00bb use_icon=\u00bbon\u00bb font_icon=\u00bb&#xe064;||divi||400&#8243; icon_color=\u00bb#09e1c0&#8243; icon_placement=\u00bbleft\u00bb _builder_version=\u00bb4.27.4&#8243; header_font=\u00bb|on|||\u00bb header_text_color=\u00bb#2e2545&#8243; body_font=\u00bb&#8211;et_global_heading_font||||||||\u00bb body_text_color=\u00bbrgba(46,127,193,0.83)\u00bb body_font_size=\u00bb15px\u00bb custom_margin=\u00bb||0px|\u00bb custom_padding=\u00bb20px||20px|\u00bb animation_style=\u00bbzoom\u00bb animation_direction=\u00bbleft\u00bb animation_delay=\u00bb100ms\u00bb animation_intensity_zoom=\u00bb10%\u00bb locked=\u00bboff\u00bb global_colors_info=\u00bb{}\u00bb]<\/p>\n<p style=\"text-align: left;\">En Akademie-Studium sabemos que el contacto con los docentes, su apoyo y ayuda son fundamentales para que logres todos los objetivos de aprendizaje de tu formaci\u00f3n. El contacto con los docentes se efectuar\u00e1 a trav\u00e9s de nuestro campus virtual. En el campus virtual, recibir\u00e1s todas las herramientas necesarias para lograr tu certificaci\u00f3n.<\/p>\n<p>[\/et_pb_blurb][\/et_pb_column][et_pb_column type=\u00bb1_3&#8243; _builder_version=\u00bb4.16&#8243; custom_padding=\u00bb|||\u00bb global_colors_info=\u00bb{}\u00bb custom_padding__hover=\u00bb|||\u00bb][et_pb_blurb title=\u00bb\u00bfQu\u00e9 t\u00edtulo obtengo al finalizar mi formaci\u00f3n?\u00bb use_icon=\u00bbon\u00bb font_icon=\u00bb&#xe064;||divi||400&#8243; icon_color=\u00bb#09e1c0&#8243; icon_placement=\u00bbleft\u00bb _builder_version=\u00bb4.27.4&#8243; header_font=\u00bb|on|||\u00bb header_text_color=\u00bb#2e2545&#8243; body_font=\u00bb&#8211;et_global_heading_font||||||||\u00bb body_text_color=\u00bbrgba(46,127,193,0.83)\u00bb body_font_size=\u00bb15px\u00bb custom_margin=\u00bb||0px|\u00bb custom_padding=\u00bb20px||20px|\u00bb animation_style=\u00bbzoom\u00bb animation_direction=\u00bbleft\u00bb animation_delay=\u00bb200ms\u00bb animation_intensity_zoom=\u00bb10%\u00bb locked=\u00bboff\u00bb global_colors_info=\u00bb{}\u00bb]<\/p>\n<p style=\"text-align: left;\">Cuando acabes tu formaci\u00f3n profesional en Akademie-Studium, recibir\u00e1s un diploma acreditativo de finalizaci\u00f3n de estudios. Este t\u00edtulo acredita que tienes los conocimientos necesarios para desempe\u00f1ar tu labor profesional de forma id\u00f3nea.<\/p>\n<p>[\/et_pb_blurb][\/et_pb_column][\/et_pb_row][\/et_pb_section]<\/p>\n","protected":false},"excerpt":{"rendered":"<p>Contacta con nosotrosNuestro equipo est\u00e1 siempre disponible para aclarar tus dudas, asesorarte y orientarte en tomar la mejor decisi\u00f3n para tu futuro profesional. No dudes en contactarnos.Env\u00edanos un mensajeTambi\u00e9n nos encontrar\u00e1s enE-Mail: info@akademie-studium.com Tel\u00e9fono: 03075948837Preguntas frecuentesEl precio de nuestros cursos est\u00e1 sujeto al contrato firmado de mutuo acuerdo. No habr\u00e1 variaciones en los mismos. Se [&hellip;]<\/p>\n","protected":false},"author":1,"featured_media":0,"parent":0,"menu_order":0,"comment_status":"closed","ping_status":"closed","template":"","meta":{"_et_pb_use_builder":"on","_et_pb_old_content":"<!-- wp:divi\/placeholder \/-->","_et_gb_content_width":"","footnotes":""},"class_list":["post-367","page","type-page","status-publish","hentry"],"_links":{"self":[{"href":"https:\/\/akademie-studium.com\/es\/wp-json\/wp\/v2\/pages\/367","targetHints":{"allow":["GET"]}}],"collection":[{"href":"https:\/\/akademie-studium.com\/es\/wp-json\/wp\/v2\/pages"}],"about":[{"href":"https:\/\/akademie-studium.com\/es\/wp-json\/wp\/v2\/types\/page"}],"author":[{"embeddable":true,"href":"https:\/\/akademie-studium.com\/es\/wp-json\/wp\/v2\/users\/1"}],"replies":[{"embeddable":true,"href":"https:\/\/akademie-studium.com\/es\/wp-json\/wp\/v2\/comments?post=367"}],"version-history":[{"count":25,"href":"https:\/\/akademie-studium.com\/es\/wp-json\/wp\/v2\/pages\/367\/revisions"}],"predecessor-version":[{"id":1460,"href":"https:\/\/akademie-studium.com\/es\/wp-json\/wp\/v2\/pages\/367\/revisions\/1460"}],"wp:attachment":[{"href":"https:\/\/akademie-studium.com\/es\/wp-json\/wp\/v2\/media?parent=367"}],"curies":[{"name":"wp","href":"https:\/\/api.w.org\/{rel}","templated":true}]}}