{"id":725,"date":"2024-10-28T08:45:05","date_gmt":"2024-10-28T08:45:05","guid":{"rendered":"https:\/\/akademie-studium.com\/?page_id=725"},"modified":"2025-01-26T19:08:50","modified_gmt":"2025-01-26T19:08:50","slug":"mercado-mundial","status":"publish","type":"page","link":"https:\/\/akademie-studium.com\/es\/espanol-para-negocios\/mercado-mundial\/","title":{"rendered":"Mercado Mundial"},"content":{"rendered":"<div class=\"swpm-post-not-logged-in-msg\">Debes acceder para ver \u00e9ste contenido. Por favor <a class=\"swpm-login-link\" href=\"https:\/\/akademie-studium.com\/membership-login\/\">Acceder<\/a>. \u00bfA\u00fan no eres miembro? <a href=\"https:\/\/akademie-studium.com\/membership-join\/\">\u00danete a nosotros<\/a><\/div>","protected":false},"excerpt":{"rendered":"<p>Espa\u00f1ol para Negocios 12 LECCIONESAprende con nosotros a manejarte en espa\u00f1ol en el mundo de los negocios y lleva a otro nivel tu \u00e1mbito profesional.Aprende con nosotros a manejarte en espa\u00f1ol en el mundo de los negocios y lleva a otro nivel tu \u00e1mbito profesional.Instructor &nbsp;<\/p>\n","protected":false},"author":1,"featured_media":0,"parent":284,"menu_order":0,"comment_status":"closed","ping_status":"closed","template":"","meta":{"_et_pb_use_builder":"on","_et_pb_old_content":"<!-- wp:divi\/placeholder \/-->","_et_gb_content_width":"","footnotes":""},"class_list":["post-725","page","type-page","status-publish","hentry"],"_links":{"self":[{"href":"https:\/\/akademie-studium.com\/es\/wp-json\/wp\/v2\/pages\/725","targetHints":{"allow":["GET"]}}],"collection":[{"href":"https:\/\/akademie-studium.com\/es\/wp-json\/wp\/v2\/pages"}],"about":[{"href":"https:\/\/akademie-studium.com\/es\/wp-json\/wp\/v2\/types\/page"}],"author":[{"embeddable":true,"href":"https:\/\/akademie-studium.com\/es\/wp-json\/wp\/v2\/users\/1"}],"replies":[{"embeddable":true,"href":"https:\/\/akademie-studium.com\/es\/wp-json\/wp\/v2\/comments?post=725"}],"version-history":[{"count":7,"href":"https:\/\/akademie-studium.com\/es\/wp-json\/wp\/v2\/pages\/725\/revisions"}],"predecessor-version":[{"id":1386,"href":"https:\/\/akademie-studium.com\/es\/wp-json\/wp\/v2\/pages\/725\/revisions\/1386"}],"up":[{"embeddable":true,"href":"https:\/\/akademie-studium.com\/es\/wp-json\/wp\/v2\/pages\/284"}],"wp:attachment":[{"href":"https:\/\/akademie-studium.com\/es\/wp-json\/wp\/v2\/media?parent=725"}],"curies":[{"name":"wp","href":"https:\/\/api.w.org\/{rel}","templated":true}]}}